{"id":30,"date":"2024-07-11T16:57:21","date_gmt":"2024-07-11T16:57:21","guid":{"rendered":"https:\/\/esperanzapreview.com\/?page_id=30"},"modified":"2024-07-30T16:42:21","modified_gmt":"2024-07-30T16:42:21","slug":"tisno-resort","status":"publish","type":"page","link":"https:\/\/www.tisnoresort.hr\/hr\/tisno-resort\/","title":{"rendered":"Tisno Resort"},"content":{"rendered":"<div data-elementor-type=\"wp-page\" data-elementor-id=\"30\" class=\"elementor elementor-30\" data-elementor-post-type=\"page\">\n\t\t\t\t<div class=\"elementor-element elementor-element-bc059d3 e-flex e-con-boxed e-con e-parent\" data-id=\"bc059d3\" data-element_type=\"container\" data-settings=\"{&quot;background_background&quot;:&quot;classic&quot;}\">\n\t\t\t\t\t<div class=\"e-con-inner\">\n\t\t\t\t<div class=\"elementor-element elementor-element-5078e47 elementor-invisible elementor-widget elementor-widget-heading\" data-id=\"5078e47\" data-element_type=\"widget\" data-settings=\"{&quot;_animation&quot;:&quot;fadeIn&quot;,&quot;_animation_delay&quot;:200}\" data-widget_type=\"heading.default\">\n\t\t\t\t<div class=\"elementor-widget-container\">\n\t\t\t<style>\/*! elementor - v3.22.0 - 26-06-2024 *\/\n.elementor-heading-title{padding:0;margin:0;line-height:1}.elementor-widget-heading .elementor-heading-title[class*=elementor-size-]>a{color:inherit;font-size:inherit;line-height:inherit}.elementor-widget-heading .elementor-heading-title.elementor-size-small{font-size:15px}.elementor-widget-heading .elementor-heading-title.elementor-size-medium{font-size:19px}.elementor-widget-heading .elementor-heading-title.elementor-size-large{font-size:29px}.elementor-widget-heading .elementor-heading-title.elementor-size-xl{font-size:39px}.elementor-widget-heading .elementor-heading-title.elementor-size-xxl{font-size:59px}<\/style><h2 class=\"elementor-heading-title elementor-size-default\">O TISNO REZORTU<\/h2>\t\t<\/div>\n\t\t\t\t<\/div>\n\t\t<div class=\"elementor-element elementor-element-7614294 e-con-full e-flex e-con e-child\" data-id=\"7614294\" data-element_type=\"container\">\n\t\t\t\t<div class=\"elementor-element elementor-element-c627469 elementor-invisible elementor-widget elementor-widget-button\" data-id=\"c627469\" data-element_type=\"widget\" data-settings=\"{&quot;_animation&quot;:&quot;fadeIn&quot;,&quot;_animation_delay&quot;:500}\" data-widget_type=\"button.default\">\n\t\t\t\t<div class=\"elementor-widget-container\">\n\t\t\t\t\t<div class=\"elementor-button-wrapper\">\n\t\t\t<a class=\"elementor-button elementor-button-link elementor-size-sm\" href=\"https:\/\/www.tisnoresort.hr\/hr\/apartments\/\">\n\t\t\t\t\t\t<span class=\"elementor-button-content-wrapper\">\n\t\t\t\t\t\t\t\t\t<span class=\"elementor-button-text\">Provjeri dostupnost<\/span>\n\t\t\t\t\t<\/span>\n\t\t\t\t\t<\/a>\n\t\t<\/div>\n\t\t\t\t<\/div>\n\t\t\t\t<\/div>\n\t\t\t\t<div class=\"elementor-element elementor-element-37cde63 elementor-invisible elementor-widget elementor-widget-button\" data-id=\"37cde63\" data-element_type=\"widget\" data-settings=\"{&quot;_animation&quot;:&quot;fadeIn&quot;,&quot;_animation_delay&quot;:600}\" data-widget_type=\"button.default\">\n\t\t\t\t<div class=\"elementor-widget-container\">\n\t\t\t\t\t<div class=\"elementor-button-wrapper\">\n\t\t\t<a class=\"elementor-button elementor-button-link elementor-size-sm\" href=\"https:\/\/www.tisnoresort.hr\/hr\/getting-to-tisno\/\">\n\t\t\t\t\t\t<span class=\"elementor-button-content-wrapper\">\n\t\t\t\t\t\t\t\t\t<span class=\"elementor-button-text\">getting to tisno<\/span>\n\t\t\t\t\t<\/span>\n\t\t\t\t\t<\/a>\n\t\t<\/div>\n\t\t\t\t<\/div>\n\t\t\t\t<\/div>\n\t\t\t\t<\/div>\n\t\t\t\t\t<\/div>\n\t\t\t\t<\/div>\n\t\t<div class=\"elementor-element elementor-element-53183ac e-flex e-con-boxed e-con e-parent\" data-id=\"53183ac\" data-element_type=\"container\">\n\t\t\t\t\t<div class=\"e-con-inner\">\n\t\t<div class=\"elementor-element elementor-element-5fa5273 e-con-full e-flex e-con e-child\" data-id=\"5fa5273\" data-element_type=\"container\" data-settings=\"{&quot;background_background&quot;:&quot;classic&quot;}\">\n\t\t<div class=\"elementor-element elementor-element-682ed8e e-con-full e-flex e-con e-child\" data-id=\"682ed8e\" data-element_type=\"container\">\n\t\t\t\t<div class=\"elementor-element elementor-element-a99f21c elementor-invisible elementor-widget elementor-widget-heading\" data-id=\"a99f21c\" data-element_type=\"widget\" data-settings=\"{&quot;_animation&quot;:&quot;fadeIn&quot;}\" data-widget_type=\"heading.default\">\n\t\t\t\t<div class=\"elementor-widget-container\">\n\t\t\t<h2 class=\"elementor-heading-title elementor-size-default\">Odmor za pam\u0107enje<\/h2>\t\t<\/div>\n\t\t\t\t<\/div>\n\t\t\t\t<div class=\"elementor-element elementor-element-d009f4f elementor-invisible elementor-widget elementor-widget-text-editor\" data-id=\"d009f4f\" data-element_type=\"widget\" data-settings=\"{&quot;_animation&quot;:&quot;fadeIn&quot;,&quot;_animation_delay&quot;:100}\" data-widget_type=\"text-editor.default\">\n\t\t\t\t<div class=\"elementor-widget-container\">\n\t\t\t<style>\/*! elementor - v3.22.0 - 26-06-2024 *\/\n.elementor-widget-text-editor.elementor-drop-cap-view-stacked .elementor-drop-cap{background-color:#69727d;color:#fff}.elementor-widget-text-editor.elementor-drop-cap-view-framed .elementor-drop-cap{color:#69727d;border:3px solid;background-color:transparent}.elementor-widget-text-editor:not(.elementor-drop-cap-view-default) .elementor-drop-cap{margin-top:8px}.elementor-widget-text-editor:not(.elementor-drop-cap-view-default) .elementor-drop-cap-letter{width:1em;height:1em}.elementor-widget-text-editor .elementor-drop-cap{float:left;text-align:center;line-height:1;font-size:50px}.elementor-widget-text-editor .elementor-drop-cap-letter{display:inline-block}<\/style>\t\t\t\t<p>Resort Tisno smje\u0161ten je na oto\u010dnom dijelu grada, blizu mora i pla\u017ea, \u0161umskih cesta i staza. Okolne \u0161umske staze vode do mjesta s jedinstvenim pogledom na Nacionalni park Kornati. Kameni put u blizini resorta vodi vas do prekrasne stare kamene crkve Gospe od Karavaj. Sama crkva potje\u010de iz 15. stolje\u0107a.<\/p><p>Svako jutro mo\u017eete se probuditi uz nezaboravan izlazak sunca. No, pravi u\u017eitak su jo\u0161 ljep\u0161i zalasci sunca u kasnim ljetnim ve\u010derima.<\/p>\t\t\t\t\t\t<\/div>\n\t\t\t\t<\/div>\n\t\t\t\t<div class=\"elementor-element elementor-element-411a2da elementor-align-left elementor-mobile-align-justify elementor-invisible elementor-widget elementor-widget-button\" data-id=\"411a2da\" data-element_type=\"widget\" data-settings=\"{&quot;_animation&quot;:&quot;fadeIn&quot;,&quot;_animation_delay&quot;:200}\" data-widget_type=\"button.default\">\n\t\t\t\t<div class=\"elementor-widget-container\">\n\t\t\t\t\t<div class=\"elementor-button-wrapper\">\n\t\t\t<a class=\"elementor-button elementor-button-link elementor-size-sm\" href=\"https:\/\/www.tisnoresort.hr\/hr\/getting-to-tisno\/\">\n\t\t\t\t\t\t<span class=\"elementor-button-content-wrapper\">\n\t\t\t\t\t\t\t\t\t<span class=\"elementor-button-text\">getting to tisno<\/span>\n\t\t\t\t\t<\/span>\n\t\t\t\t\t<\/a>\n\t\t<\/div>\n\t\t\t\t<\/div>\n\t\t\t\t<\/div>\n\t\t\t\t<\/div>\n\t\t<div class=\"elementor-element elementor-element-2d93334 e-con-full e-flex e-con e-child\" data-id=\"2d93334\" data-element_type=\"container\">\n\t\t\t\t<\/div>\n\t\t\t\t<\/div>\n\t\t\t\t\t<\/div>\n\t\t\t\t<\/div>\n\t\t<div class=\"elementor-element elementor-element-219816e e-flex e-con-boxed e-con e-parent\" data-id=\"219816e\" data-element_type=\"container\">\n\t\t\t\t\t<div class=\"e-con-inner\">\n\t\t<div class=\"elementor-element elementor-element-a4d8867 e-con-full e-flex e-con e-child\" data-id=\"a4d8867\" data-element_type=\"container\" data-settings=\"{&quot;background_background&quot;:&quot;classic&quot;}\">\n\t\t<div class=\"elementor-element elementor-element-1ab581a e-con-full e-flex e-con e-child\" data-id=\"1ab581a\" data-element_type=\"container\">\n\t\t\t\t<div class=\"elementor-element elementor-element-a2bd4f7 elementor-invisible elementor-widget elementor-widget-rating\" data-id=\"a2bd4f7\" data-element_type=\"widget\" data-settings=\"{&quot;_animation&quot;:&quot;fadeIn&quot;,&quot;_animation_delay&quot;:100}\" data-widget_type=\"rating.default\">\n\t\t\t\t<div class=\"elementor-widget-container\">\n\t\t\t<style>\/*! elementor - v3.22.0 - 26-06-2024 *\/\n.elementor-widget-rating{--e-rating-gap:0px;--e-rating-icon-font-size:16px;--e-rating-icon-color:#ccd6df;--e-rating-icon-marked-color:#f0ad4e;--e-rating-icon-marked-width:100%;--e-rating-justify-content:flex-start}.elementor-widget-rating .e-rating{display:flex;justify-content:var(--e-rating-justify-content)}.elementor-widget-rating .e-rating-wrapper{display:flex;justify-content:inherit;flex-direction:row;flex-wrap:wrap;width:-moz-fit-content;width:fit-content;margin-block-end:calc(0px - var(--e-rating-gap));margin-inline-end:calc(0px - var(--e-rating-gap))}.elementor-widget-rating .e-rating .e-icon{position:relative;margin-block-end:var(--e-rating-gap);margin-inline-end:var(--e-rating-gap)}.elementor-widget-rating .e-rating .e-icon-wrapper.e-icon-marked{--e-rating-icon-color:var(--e-rating-icon-marked-color);width:var(--e-rating-icon-marked-width);position:absolute;z-index:1;height:100%;left:0;top:0;overflow:hidden}.elementor-widget-rating .e-rating .e-icon-wrapper :is(i,svg){display:flex;flex-shrink:0}.elementor-widget-rating .e-rating .e-icon-wrapper i{font-size:var(--e-rating-icon-font-size);color:var(--e-rating-icon-color)}.elementor-widget-rating .e-rating .e-icon-wrapper svg{width:auto;height:var(--e-rating-icon-font-size);fill:var(--e-rating-icon-color)}<\/style>\t\t<div class=\"e-rating\" itemtype=\"https:\/\/schema.org\/Rating\" itemscope=\"\" itemprop=\"reviewRating\">\n\t\t\t<meta itemprop=\"worstRating\" content=\"0\">\n\t\t\t<meta itemprop=\"bestRating\" content=\"4\">\n\t\t\t<div class=\"e-rating-wrapper\" itemprop=\"ratingValue\" content=\"4\" role=\"img\" aria-label=\"Rated 4 out of 4\">\n\t\t\t\t\t\t\t<div class=\"e-icon\">\n\t\t\t\t<div class=\"e-icon-wrapper e-icon-marked\">\n\t\t\t\t\t<svg xmlns=\"http:\/\/www.w3.org\/2000\/svg\" xmlns:xlink=\"http:\/\/www.w3.org\/1999\/xlink\" width=\"800px\" height=\"800px\" viewbox=\"0 0 64 64\" aria-hidden=\"true\" class=\"iconify iconify--emojione\" preserveaspectratio=\"xMidYMid meet\"><path d=\"M62 25.2H39.1L32 3l-7.1 22.2H2l18.5 13.7l-7 22.1L32 47.3L50.5 61l-7.1-22.2L62 25.2z\" fill=\"#ffce31\"><\/path><\/svg>\t\t\t\t<\/div>\n\t\t\t\t<div class=\"e-icon-wrapper e-icon-unmarked\">\n\t\t\t\t\t<svg xmlns=\"http:\/\/www.w3.org\/2000\/svg\" xmlns:xlink=\"http:\/\/www.w3.org\/1999\/xlink\" width=\"800px\" height=\"800px\" viewbox=\"0 0 64 64\" aria-hidden=\"true\" class=\"iconify iconify--emojione\" preserveaspectratio=\"xMidYMid meet\"><path d=\"M62 25.2H39.1L32 3l-7.1 22.2H2l18.5 13.7l-7 22.1L32 47.3L50.5 61l-7.1-22.2L62 25.2z\" fill=\"#ffce31\"><\/path><\/svg>\t\t\t\t<\/div>\n\t\t\t<\/div>\n\t\t\t\t\t\t<div class=\"e-icon\">\n\t\t\t\t<div class=\"e-icon-wrapper e-icon-marked\">\n\t\t\t\t\t<svg xmlns=\"http:\/\/www.w3.org\/2000\/svg\" xmlns:xlink=\"http:\/\/www.w3.org\/1999\/xlink\" width=\"800px\" height=\"800px\" viewbox=\"0 0 64 64\" aria-hidden=\"true\" class=\"iconify iconify--emojione\" preserveaspectratio=\"xMidYMid meet\"><path d=\"M62 25.2H39.1L32 3l-7.1 22.2H2l18.5 13.7l-7 22.1L32 47.3L50.5 61l-7.1-22.2L62 25.2z\" fill=\"#ffce31\"><\/path><\/svg>\t\t\t\t<\/div>\n\t\t\t\t<div class=\"e-icon-wrapper e-icon-unmarked\">\n\t\t\t\t\t<svg xmlns=\"http:\/\/www.w3.org\/2000\/svg\" xmlns:xlink=\"http:\/\/www.w3.org\/1999\/xlink\" width=\"800px\" height=\"800px\" viewbox=\"0 0 64 64\" aria-hidden=\"true\" class=\"iconify iconify--emojione\" preserveaspectratio=\"xMidYMid meet\"><path d=\"M62 25.2H39.1L32 3l-7.1 22.2H2l18.5 13.7l-7 22.1L32 47.3L50.5 61l-7.1-22.2L62 25.2z\" fill=\"#ffce31\"><\/path><\/svg>\t\t\t\t<\/div>\n\t\t\t<\/div>\n\t\t\t\t\t\t<div class=\"e-icon\">\n\t\t\t\t<div class=\"e-icon-wrapper e-icon-marked\">\n\t\t\t\t\t<svg xmlns=\"http:\/\/www.w3.org\/2000\/svg\" xmlns:xlink=\"http:\/\/www.w3.org\/1999\/xlink\" width=\"800px\" height=\"800px\" viewbox=\"0 0 64 64\" aria-hidden=\"true\" class=\"iconify iconify--emojione\" preserveaspectratio=\"xMidYMid meet\"><path d=\"M62 25.2H39.1L32 3l-7.1 22.2H2l18.5 13.7l-7 22.1L32 47.3L50.5 61l-7.1-22.2L62 25.2z\" fill=\"#ffce31\"><\/path><\/svg>\t\t\t\t<\/div>\n\t\t\t\t<div class=\"e-icon-wrapper e-icon-unmarked\">\n\t\t\t\t\t<svg xmlns=\"http:\/\/www.w3.org\/2000\/svg\" xmlns:xlink=\"http:\/\/www.w3.org\/1999\/xlink\" width=\"800px\" height=\"800px\" viewbox=\"0 0 64 64\" aria-hidden=\"true\" class=\"iconify iconify--emojione\" preserveaspectratio=\"xMidYMid meet\"><path d=\"M62 25.2H39.1L32 3l-7.1 22.2H2l18.5 13.7l-7 22.1L32 47.3L50.5 61l-7.1-22.2L62 25.2z\" fill=\"#ffce31\"><\/path><\/svg>\t\t\t\t<\/div>\n\t\t\t<\/div>\n\t\t\t\t\t\t<div class=\"e-icon\">\n\t\t\t\t<div class=\"e-icon-wrapper e-icon-marked\">\n\t\t\t\t\t<svg xmlns=\"http:\/\/www.w3.org\/2000\/svg\" xmlns:xlink=\"http:\/\/www.w3.org\/1999\/xlink\" width=\"800px\" height=\"800px\" viewbox=\"0 0 64 64\" aria-hidden=\"true\" class=\"iconify iconify--emojione\" preserveaspectratio=\"xMidYMid meet\"><path d=\"M62 25.2H39.1L32 3l-7.1 22.2H2l18.5 13.7l-7 22.1L32 47.3L50.5 61l-7.1-22.2L62 25.2z\" fill=\"#ffce31\"><\/path><\/svg>\t\t\t\t<\/div>\n\t\t\t\t<div class=\"e-icon-wrapper e-icon-unmarked\">\n\t\t\t\t\t<svg xmlns=\"http:\/\/www.w3.org\/2000\/svg\" xmlns:xlink=\"http:\/\/www.w3.org\/1999\/xlink\" width=\"800px\" height=\"800px\" viewbox=\"0 0 64 64\" aria-hidden=\"true\" class=\"iconify iconify--emojione\" preserveaspectratio=\"xMidYMid meet\"><path d=\"M62 25.2H39.1L32 3l-7.1 22.2H2l18.5 13.7l-7 22.1L32 47.3L50.5 61l-7.1-22.2L62 25.2z\" fill=\"#ffce31\"><\/path><\/svg>\t\t\t\t<\/div>\n\t\t\t<\/div>\n\t\t\t\t\t\t<\/div>\n\t\t<\/div>\n\t\t\t\t<\/div>\n\t\t\t\t<\/div>\n\t\t\t\t<div class=\"elementor-element elementor-element-2b0ad57 elementor-invisible elementor-widget elementor-widget-heading\" data-id=\"2b0ad57\" data-element_type=\"widget\" data-settings=\"{&quot;_animation&quot;:&quot;fadeIn&quot;}\" data-widget_type=\"heading.default\">\n\t\t\t\t<div class=\"elementor-widget-container\">\n\t\t\t<h2 class=\"elementor-heading-title elementor-size-default\">Luksuz i privatnost<\/h2>\t\t<\/div>\n\t\t\t\t<\/div>\n\t\t\t\t<div class=\"elementor-element elementor-element-fc7a31d elementor-invisible elementor-widget elementor-widget-text-editor\" data-id=\"fc7a31d\" data-element_type=\"widget\" data-settings=\"{&quot;_animation&quot;:&quot;fadeIn&quot;,&quot;_animation_delay&quot;:100}\" data-widget_type=\"text-editor.default\">\n\t\t\t\t<div class=\"elementor-widget-container\">\n\t\t\t\t\t\t\t<p>Ovaj resort s \u010detiri zvjezdice u Tisnom osigurava luksuz i privatnost svojim gostima, \u0161to ga izdvaja od ve\u0107ine drugih mjesta u okolici. Ima 8 odvojenih apartmana, po 2 na svakom katu ku\u0107e.<\/p><p>Svaki apartman mo\u017ee primiti 4 osobe. Spava\u0107a soba ima krevet veli\u010dine queen s najmodernijim madracem od memorijske pjene. Tako\u0111er, tu su kupaonica, kuhinja i dnevni boravak s kau\u010dem. Apartmani su opremljeni novom i modernom audio i TV opremom, WiFi-jem, namje\u0161tajem i klima-ure\u0111ajem. Svaki apartman ima pristup balkonu i zajedni\u010dkoj terasi u prizemlju.<\/p>\t\t\t\t\t\t<\/div>\n\t\t\t\t<\/div>\n\t\t\t\t<div class=\"elementor-element elementor-element-1e60b6c elementor-align-left elementor-mobile-align-justify elementor-invisible elementor-widget elementor-widget-button\" data-id=\"1e60b6c\" data-element_type=\"widget\" data-settings=\"{&quot;_animation&quot;:&quot;fadeIn&quot;,&quot;_animation_delay&quot;:200}\" data-widget_type=\"button.default\">\n\t\t\t\t<div class=\"elementor-widget-container\">\n\t\t\t\t\t<div class=\"elementor-button-wrapper\">\n\t\t\t<a class=\"elementor-button elementor-button-link elementor-size-sm\" href=\"https:\/\/www.tisnoresort.hr\/hr\/apartments\/\">\n\t\t\t\t\t\t<span class=\"elementor-button-content-wrapper\">\n\t\t\t\t\t\t\t\t\t<span class=\"elementor-button-text\">Provjeri dostupnost<\/span>\n\t\t\t\t\t<\/span>\n\t\t\t\t\t<\/a>\n\t\t<\/div>\n\t\t\t\t<\/div>\n\t\t\t\t<\/div>\n\t\t\t\t<\/div>\n\t\t\t\t<\/div>\n\t\t\t\t\t<\/div>\n\t\t\t\t<\/div>\n\t\t<div class=\"elementor-element elementor-element-ea38a38 e-flex e-con-boxed e-con e-parent\" data-id=\"ea38a38\" data-element_type=\"container\">\n\t\t\t\t\t<div class=\"e-con-inner\">\n\t\t<div class=\"elementor-element elementor-element-cddb725 e-con-full e-flex e-con e-child\" data-id=\"cddb725\" data-element_type=\"container\" data-settings=\"{&quot;background_background&quot;:&quot;classic&quot;}\">\n\t\t<div class=\"elementor-element elementor-element-64d442a e-con-full e-flex e-con e-child\" data-id=\"64d442a\" data-element_type=\"container\">\n\t\t\t\t<\/div>\n\t\t<div class=\"elementor-element elementor-element-a57ff3d e-con-full e-flex e-con e-child\" data-id=\"a57ff3d\" data-element_type=\"container\">\n\t\t\t\t<div class=\"elementor-element elementor-element-f18a278 elementor-invisible elementor-widget elementor-widget-heading\" data-id=\"f18a278\" data-element_type=\"widget\" data-settings=\"{&quot;_animation&quot;:&quot;fadeIn&quot;}\" data-widget_type=\"heading.default\">\n\t\t\t\t<div class=\"elementor-widget-container\">\n\t\t\t<h2 class=\"elementor-heading-title elementor-size-default\">Razne aktivnosti<\/h2>\t\t<\/div>\n\t\t\t\t<\/div>\n\t\t\t\t<div class=\"elementor-element elementor-element-65ab7fd elementor-invisible elementor-widget elementor-widget-text-editor\" data-id=\"65ab7fd\" data-element_type=\"widget\" data-settings=\"{&quot;_animation&quot;:&quot;fadeIn&quot;,&quot;_animation_delay&quot;:100}\" data-widget_type=\"text-editor.default\">\n\t\t\t\t<div class=\"elementor-widget-container\">\n\t\t\t\t\t\t\t<p class=\" translation-block\">U Tisnom \u0107ete prona\u0107i razne aktivnosti za ispunjavanje slobodnog vremena. Organizirani izlet brodom najbolji je na\u010din za do\u017eivjeti ljepotu kornatskog arhipelaga.<br>Za one aktivnije, dostupni su te\u010dajevi ronjenja ili biciklizam \u2013 bez obzira na izbor, vjerujemo da \u0107ete u\u017eivati. Ako volite zabavu, tu je i svjetski poznati Garden Festival koji se posljednjih nekoliko godina odr\u017eava u Tisnom.<\/p><p>U blizini apartmana nalaze se brojne trgovine, restorani, kafi\u0107i, barovi na pla\u017ei, no\u0107ni klubovi, pla\u017ee i dje\u010dje igrali\u0161te (oko 2-3 minute hodanja). Sam otok Murter poznat je po svojim prekrasnim pje\u0161\u010danim i stjenovitim pla\u017eama (Slanica, Kosirina, Podvr\u0161ke, Jazine, Lovi\u0161\u0107a). Mnoge od njih okru\u017eene su borovom \u0161umom, a najbli\u017ea pla\u017ea udaljena je samo 100 metara od resorta.<\/p>\t\t\t\t\t\t<\/div>\n\t\t\t\t<\/div>\n\t\t\t\t<div class=\"elementor-element elementor-element-bdaa5e6 elementor-align-left elementor-mobile-align-justify elementor-invisible elementor-widget elementor-widget-button\" data-id=\"bdaa5e6\" data-element_type=\"widget\" data-settings=\"{&quot;_animation&quot;:&quot;fadeIn&quot;,&quot;_animation_delay&quot;:200}\" data-widget_type=\"button.default\">\n\t\t\t\t<div class=\"elementor-widget-container\">\n\t\t\t\t\t<div class=\"elementor-button-wrapper\">\n\t\t\t<a class=\"elementor-button elementor-button-link elementor-size-sm\" href=\"https:\/\/www.tisnoresort.hr\/hr\/tisno\/\">\n\t\t\t\t\t\t<span class=\"elementor-button-content-wrapper\">\n\t\t\t\t\t\t\t\t\t<span class=\"elementor-button-text\">O Tisnom<\/span>\n\t\t\t\t\t<\/span>\n\t\t\t\t\t<\/a>\n\t\t<\/div>\n\t\t\t\t<\/div>\n\t\t\t\t<\/div>\n\t\t\t\t<\/div>\n\t\t\t\t<\/div>\n\t\t\t\t\t<\/div>\n\t\t\t\t<\/div>\n\t\t<div class=\"elementor-element elementor-element-5df5f85 e-flex e-con-boxed e-con e-parent\" data-id=\"5df5f85\" data-element_type=\"container\">\n\t\t\t\t\t<div class=\"e-con-inner\">\n\t\t<div class=\"elementor-element elementor-element-fdef7b7 e-con-full e-flex e-con e-child\" data-id=\"fdef7b7\" data-element_type=\"container\" data-settings=\"{&quot;background_background&quot;:&quot;classic&quot;}\">\n\t\t<div class=\"elementor-element elementor-element-77e5a39 e-con-full e-flex e-con e-child\" data-id=\"77e5a39\" data-element_type=\"container\">\n\t\t\t\t<div class=\"elementor-element elementor-element-692c17e elementor-invisible elementor-widget elementor-widget-heading\" data-id=\"692c17e\" data-element_type=\"widget\" data-settings=\"{&quot;_animation&quot;:&quot;fadeIn&quot;}\" data-widget_type=\"heading.default\">\n\t\t\t\t<div class=\"elementor-widget-container\">\n\t\t\t<h2 class=\"elementor-heading-title elementor-size-default\">Sadr\u017eaj<\/h2>\t\t<\/div>\n\t\t\t\t<\/div>\n\t\t\t\t<div class=\"elementor-element elementor-element-16a1b59 elementor-invisible elementor-widget elementor-widget-text-editor\" data-id=\"16a1b59\" data-element_type=\"widget\" data-settings=\"{&quot;_animation&quot;:&quot;fadeIn&quot;,&quot;_animation_delay&quot;:100}\" data-widget_type=\"text-editor.default\">\n\t\t\t\t<div class=\"elementor-widget-container\">\n\t\t\t\t\t\t\t<p>Vanjski prostor resorta nudi ro\u0161tilj i zajedni\u010dku vanjsku kuhinju. Zajedni\u010dki prostor tako\u0111er ima bazen i tu\u0161eve te zabavne sadr\u017eaje za djecu. Odabir je va\u0161 \u2013 mo\u017eete oti\u0107i na pla\u017eu ili radije provesti vrijeme kraj bazena. \u017delimo pru\u017eiti svim na\u0161im gostima dodatne opcije tijekom njihovog boravka.<\/p>\t\t\t\t\t\t<\/div>\n\t\t\t\t<\/div>\n\t\t\t\t<\/div>\n\t\t\t\t<\/div>\n\t\t<div class=\"elementor-element elementor-element-7541119 e-con-full e-flex e-con e-child\" data-id=\"7541119\" data-element_type=\"container\" data-settings=\"{&quot;background_background&quot;:&quot;classic&quot;}\">\n\t\t<div class=\"elementor-element elementor-element-95fbb56 e-con-full e-flex e-con e-child\" data-id=\"95fbb56\" data-element_type=\"container\">\n\t\t\t\t<div class=\"elementor-element elementor-element-6bc3394 elementor-invisible elementor-widget elementor-widget-heading\" data-id=\"6bc3394\" data-element_type=\"widget\" data-settings=\"{&quot;_animation&quot;:&quot;fadeIn&quot;}\" data-widget_type=\"heading.default\">\n\t\t\t\t<div class=\"elementor-widget-container\">\n\t\t\t<h2 class=\"elementor-heading-title elementor-size-default\">Pravila ku\u0107e<\/h2>\t\t<\/div>\n\t\t\t\t<\/div>\n\t\t\t\t<div class=\"elementor-element elementor-element-a78bad2 elementor-invisible elementor-widget elementor-widget-text-editor\" data-id=\"a78bad2\" data-element_type=\"widget\" data-settings=\"{&quot;_animation&quot;:&quot;fadeIn&quot;,&quot;_animation_delay&quot;:100}\" data-widget_type=\"text-editor.default\">\n\t\t\t\t<div class=\"elementor-widget-container\">\n\t\t\t\t\t\t\t<ul><li>Check in 15:00-22:00 Check out 10:00<\/li><li>Pu\u0161enje zabranjeno<\/li><li>Bez ljubimaca<\/li><li>Besplatan parking<\/li><\/ul><p><strong>Nije prikladno za osobe s ograni\u010denom pokretljivo\u0161\u0107u<\/strong><\/p><ul><li>Zajedni\u010dki prostori \u2013 bazen, dvori\u0161te, ljetna kuhinja, vanjski ro\u0161tilj<\/li><\/ul>\t\t\t\t\t\t<\/div>\n\t\t\t\t<\/div>\n\t\t\t\t<div class=\"elementor-element elementor-element-dcf6527 elementor-align-left elementor-mobile-align-justify elementor-invisible elementor-widget elementor-widget-button\" data-id=\"dcf6527\" data-element_type=\"widget\" data-settings=\"{&quot;_animation&quot;:&quot;fadeIn&quot;,&quot;_animation_delay&quot;:200}\" data-widget_type=\"button.default\">\n\t\t\t\t<div class=\"elementor-widget-container\">\n\t\t\t\t\t<div class=\"elementor-button-wrapper\">\n\t\t\t<a class=\"elementor-button elementor-button-link elementor-size-sm\" href=\"https:\/\/www.tisnoresort.hr\/hr\/apartments\/\">\n\t\t\t\t\t\t<span class=\"elementor-button-content-wrapper\">\n\t\t\t\t\t\t\t\t\t<span class=\"elementor-button-text\">Provjeri dostupnost<\/span>\n\t\t\t\t\t<\/span>\n\t\t\t\t\t<\/a>\n\t\t<\/div>\n\t\t\t\t<\/div>\n\t\t\t\t<\/div>\n\t\t\t\t<\/div>\n\t\t\t\t<\/div>\n\t\t\t\t\t<\/div>\n\t\t\t\t<\/div>\n\t\t\t\t<\/div>","protected":false},"excerpt":{"rendered":"<p>ABOUT TISNO RESORT Book now getting to tisno unforgettable vacation Tisno Resort is located on the island part of the town near the sea and beaches, forest roads and paths. Surrounding forest paths lead to places with a unique view of the Kornati National Park. A stone path near the resort will take you to [&hellip;]<\/p>","protected":false},"author":1,"featured_media":0,"parent":0,"menu_order":0,"comment_status":"closed","ping_status":"closed","template":"","meta":{"footnotes":""},"_links":{"self":[{"href":"https:\/\/www.tisnoresort.hr\/hr\/wp-json\/wp\/v2\/pages\/30"}],"collection":[{"href":"https:\/\/www.tisnoresort.hr\/hr\/wp-json\/wp\/v2\/pages"}],"about":[{"href":"https:\/\/www.tisnoresort.hr\/hr\/wp-json\/wp\/v2\/types\/page"}],"author":[{"embeddable":true,"href":"https:\/\/www.tisnoresort.hr\/hr\/wp-json\/wp\/v2\/users\/1"}],"replies":[{"embeddable":true,"href":"https:\/\/www.tisnoresort.hr\/hr\/wp-json\/wp\/v2\/comments?post=30"}],"version-history":[{"count":3,"href":"https:\/\/www.tisnoresort.hr\/hr\/wp-json\/wp\/v2\/pages\/30\/revisions"}],"predecessor-version":[{"id":925,"href":"https:\/\/www.tisnoresort.hr\/hr\/wp-json\/wp\/v2\/pages\/30\/revisions\/925"}],"wp:attachment":[{"href":"https:\/\/www.tisnoresort.hr\/hr\/wp-json\/wp\/v2\/media?parent=30"}],"curies":[{"name":"wp","href":"https:\/\/api.w.org\/{rel}","templated":true}]}}