{"id":28,"date":"2024-07-11T16:57:11","date_gmt":"2024-07-11T16:57:11","guid":{"rendered":"https:\/\/esperanzapreview.com\/?page_id=28"},"modified":"2024-07-17T16:12:46","modified_gmt":"2024-07-17T16:12:46","slug":"tisno","status":"publish","type":"page","link":"https:\/\/www.tisnoresort.hr\/hr\/tisno\/","title":{"rendered":"Tisno"},"content":{"rendered":"<div data-elementor-type=\"wp-page\" data-elementor-id=\"28\" class=\"elementor elementor-28\" data-elementor-post-type=\"page\">\n\t\t\t\t<div class=\"elementor-element elementor-element-4caf7a8 e-flex e-con-boxed e-con e-parent\" data-id=\"4caf7a8\" data-element_type=\"container\" data-settings=\"{&quot;background_background&quot;:&quot;classic&quot;}\">\n\t\t\t\t\t<div class=\"e-con-inner\">\n\t\t\t\t<div class=\"elementor-element elementor-element-47c4328 elementor-invisible elementor-widget elementor-widget-heading\" data-id=\"47c4328\" data-element_type=\"widget\" data-settings=\"{&quot;_animation&quot;:&quot;fadeIn&quot;}\" data-widget_type=\"heading.default\">\n\t\t\t\t<div class=\"elementor-widget-container\">\n\t\t\t<style>\/*! elementor - v3.22.0 - 26-06-2024 *\/\n.elementor-heading-title{padding:0;margin:0;line-height:1}.elementor-widget-heading .elementor-heading-title[class*=elementor-size-]>a{color:inherit;font-size:inherit;line-height:inherit}.elementor-widget-heading .elementor-heading-title.elementor-size-small{font-size:15px}.elementor-widget-heading .elementor-heading-title.elementor-size-medium{font-size:19px}.elementor-widget-heading .elementor-heading-title.elementor-size-large{font-size:29px}.elementor-widget-heading .elementor-heading-title.elementor-size-xl{font-size:39px}.elementor-widget-heading .elementor-heading-title.elementor-size-xxl{font-size:59px}<\/style><h1 class=\"elementor-heading-title elementor-size-default\">Tisno, Croatia<\/h1>\t\t<\/div>\n\t\t\t\t<\/div>\n\t\t\t\t<div class=\"elementor-element elementor-element-101f067 elementor-invisible elementor-widget elementor-widget-text-editor\" data-id=\"101f067\" data-element_type=\"widget\" data-settings=\"{&quot;_animation&quot;:&quot;fadeIn&quot;,&quot;_animation_delay&quot;:400}\" data-widget_type=\"text-editor.default\">\n\t\t\t\t<div class=\"elementor-widget-container\">\n\t\t\t<style>\/*! elementor - v3.22.0 - 26-06-2024 *\/\n.elementor-widget-text-editor.elementor-drop-cap-view-stacked .elementor-drop-cap{background-color:#69727d;color:#fff}.elementor-widget-text-editor.elementor-drop-cap-view-framed .elementor-drop-cap{color:#69727d;border:3px solid;background-color:transparent}.elementor-widget-text-editor:not(.elementor-drop-cap-view-default) .elementor-drop-cap{margin-top:8px}.elementor-widget-text-editor:not(.elementor-drop-cap-view-default) .elementor-drop-cap-letter{width:1em;height:1em}.elementor-widget-text-editor .elementor-drop-cap{float:left;text-align:center;line-height:1;font-size:50px}.elementor-widget-text-editor .elementor-drop-cap-letter{display:inline-block}<\/style>\t\t\t\t<p>Tisno je mali grad smje\u0161ten u \u0160ibensko-kninskoj \u017eupaniji uz dalmatinsku obalu. Nalazi se u blizini glavnih dalmatinskih gradova Zadar i \u0160ibenik.<\/p><p>Smje\u0161ten dijelom na otoku Murteru, a dijelom na kopnu. Sam grad nosi ime po kopnenom dijelu, poluotoku Tisno. Pokretni most povezuje oba dijela grada i tako\u0111er ga razlikuje od okolnih gradova i mjesta.<\/p>\t\t\t\t\t\t<\/div>\n\t\t\t\t<\/div>\n\t\t<div class=\"elementor-element elementor-element-60df247 e-con-full e-flex e-con e-child\" data-id=\"60df247\" data-element_type=\"container\">\n\t\t\t\t<div class=\"elementor-element elementor-element-0c64162 elementor-invisible elementor-widget elementor-widget-button\" data-id=\"0c64162\" data-element_type=\"widget\" data-settings=\"{&quot;_animation&quot;:&quot;fadeIn&quot;,&quot;_animation_delay&quot;:500}\" data-widget_type=\"button.default\">\n\t\t\t\t<div class=\"elementor-widget-container\">\n\t\t\t\t\t<div class=\"elementor-button-wrapper\">\n\t\t\t<a class=\"elementor-button elementor-button-link elementor-size-sm\" href=\"https:\/\/www.tisnoresort.hr\/hr\/apartments\/\">\n\t\t\t\t\t\t<span class=\"elementor-button-content-wrapper\">\n\t\t\t\t\t\t\t\t\t<span class=\"elementor-button-text\">Provjeri dostupnost<\/span>\n\t\t\t\t\t<\/span>\n\t\t\t\t\t<\/a>\n\t\t<\/div>\n\t\t\t\t<\/div>\n\t\t\t\t<\/div>\n\t\t\t\t<div class=\"elementor-element elementor-element-d0dc8c5 elementor-invisible elementor-widget elementor-widget-button\" data-id=\"d0dc8c5\" data-element_type=\"widget\" data-settings=\"{&quot;_animation&quot;:&quot;fadeIn&quot;,&quot;_animation_delay&quot;:600}\" data-widget_type=\"button.default\">\n\t\t\t\t<div class=\"elementor-widget-container\">\n\t\t\t\t\t<div class=\"elementor-button-wrapper\">\n\t\t\t<a class=\"elementor-button elementor-button-link elementor-size-sm\" href=\"https:\/\/www.tisnoresort.hr\/hr\/tisno-resort\/\">\n\t\t\t\t\t\t<span class=\"elementor-button-content-wrapper\">\n\t\t\t\t\t\t\t\t\t<span class=\"elementor-button-text\">O rezortu<\/span>\n\t\t\t\t\t<\/span>\n\t\t\t\t\t<\/a>\n\t\t<\/div>\n\t\t\t\t<\/div>\n\t\t\t\t<\/div>\n\t\t\t\t<\/div>\n\t\t\t\t\t<\/div>\n\t\t\t\t<\/div>\n\t\t<div class=\"elementor-element elementor-element-9cb24de e-flex e-con-boxed e-con e-parent\" data-id=\"9cb24de\" data-element_type=\"container\" data-settings=\"{&quot;background_background&quot;:&quot;classic&quot;}\">\n\t\t\t\t\t<div class=\"e-con-inner\">\n\t\t<div class=\"elementor-element elementor-element-1bc68fb e-con-full e-flex e-con e-child\" data-id=\"1bc68fb\" data-element_type=\"container\" data-settings=\"{&quot;background_background&quot;:&quot;classic&quot;}\">\n\t\t\t\t<div class=\"elementor-element elementor-element-7457c4f elementor-widget elementor-widget-spacer\" data-id=\"7457c4f\" data-element_type=\"widget\" data-widget_type=\"spacer.default\">\n\t\t\t\t<div class=\"elementor-widget-container\">\n\t\t\t<style>\/*! elementor - v3.22.0 - 26-06-2024 *\/\n.elementor-column .elementor-spacer-inner{height:var(--spacer-size)}.e-con{--container-widget-width:100%}.e-con-inner>.elementor-widget-spacer,.e-con>.elementor-widget-spacer{width:var(--container-widget-width,var(--spacer-size));--align-self:var(--container-widget-align-self,initial);--flex-shrink:0}.e-con-inner>.elementor-widget-spacer>.elementor-widget-container,.e-con>.elementor-widget-spacer>.elementor-widget-container{height:100%;width:100%}.e-con-inner>.elementor-widget-spacer>.elementor-widget-container>.elementor-spacer,.e-con>.elementor-widget-spacer>.elementor-widget-container>.elementor-spacer{height:100%}.e-con-inner>.elementor-widget-spacer>.elementor-widget-container>.elementor-spacer>.elementor-spacer-inner,.e-con>.elementor-widget-spacer>.elementor-widget-container>.elementor-spacer>.elementor-spacer-inner{height:var(--container-widget-height,var(--spacer-size))}.e-con-inner>.elementor-widget-spacer.elementor-widget-empty,.e-con>.elementor-widget-spacer.elementor-widget-empty{position:relative;min-height:22px;min-width:22px}.e-con-inner>.elementor-widget-spacer.elementor-widget-empty .elementor-widget-empty-icon,.e-con>.elementor-widget-spacer.elementor-widget-empty .elementor-widget-empty-icon{position:absolute;top:0;bottom:0;left:0;right:0;margin:auto;padding:0;width:22px;height:22px}<\/style>\t\t<div class=\"elementor-spacer\">\n\t\t\t<div class=\"elementor-spacer-inner\"><\/div>\n\t\t<\/div>\n\t\t\t\t<\/div>\n\t\t\t\t<\/div>\n\t\t\t\t<\/div>\n\t\t<div class=\"elementor-element elementor-element-8122929 e-con-full e-flex e-con e-child\" data-id=\"8122929\" data-element_type=\"container\">\n\t\t\t\t<div class=\"elementor-element elementor-element-8ed8056 elementor-invisible elementor-widget elementor-widget-heading\" data-id=\"8ed8056\" data-element_type=\"widget\" data-settings=\"{&quot;_animation&quot;:&quot;fadeIn&quot;,&quot;_animation_delay&quot;:100}\" data-widget_type=\"heading.default\">\n\t\t\t\t<div class=\"elementor-widget-container\">\n\t\t\t<h2 class=\"elementor-heading-title elementor-size-default\">Savr\u0161eno mjesto za odmor<\/h2>\t\t<\/div>\n\t\t\t\t<\/div>\n\t\t\t\t<div class=\"elementor-element elementor-element-c79cd52 elementor-invisible elementor-widget elementor-widget-text-editor\" data-id=\"c79cd52\" data-element_type=\"widget\" data-settings=\"{&quot;_animation&quot;:&quot;fadeIn&quot;,&quot;_animation_delay&quot;:200}\" data-widget_type=\"text-editor.default\">\n\t\t\t\t<div class=\"elementor-widget-container\">\n\t\t\t\t\t\t\t<p>Okru\u017een je zelenilom, stjenovitim i pje\u0161\u010danim pla\u017eama te malim uvalama. U cjelini, idealno je mjesto za odmor.<\/p><p>Tisno je poznat kao najve\u0107i mali grad. Sve najva\u017enije usluge su na dohvat ruke, a najbolji na\u010din kretanja je pje\u0161ice. Ako planirate istra\u017eivati druga mjesta u okolici, preporu\u010dujemo da uzmete bicikl ili automobil.<\/p>\t\t\t\t\t\t<\/div>\n\t\t\t\t<\/div>\n\t\t\t\t<div class=\"elementor-element elementor-element-bec9c6c elementor-mobile-align-justify elementor-invisible elementor-widget elementor-widget-button\" data-id=\"bec9c6c\" data-element_type=\"widget\" data-settings=\"{&quot;_animation&quot;:&quot;fadeIn&quot;,&quot;_animation_delay&quot;:500}\" data-widget_type=\"button.default\">\n\t\t\t\t<div class=\"elementor-widget-container\">\n\t\t\t\t\t<div class=\"elementor-button-wrapper\">\n\t\t\t<a class=\"elementor-button elementor-button-link elementor-size-sm\" href=\"https:\/\/www.tisnoresort.hr\/hr\/apartments\/\">\n\t\t\t\t\t\t<span class=\"elementor-button-content-wrapper\">\n\t\t\t\t\t\t\t\t\t<span class=\"elementor-button-text\">Provjeri dostupnost<\/span>\n\t\t\t\t\t<\/span>\n\t\t\t\t\t<\/a>\n\t\t<\/div>\n\t\t\t\t<\/div>\n\t\t\t\t<\/div>\n\t\t\t\t<\/div>\n\t\t\t\t\t<\/div>\n\t\t\t\t<\/div>\n\t\t<div class=\"elementor-element elementor-element-645e68d e-flex e-con-boxed e-con e-parent\" data-id=\"645e68d\" data-element_type=\"container\" data-settings=\"{&quot;background_background&quot;:&quot;classic&quot;}\">\n\t\t\t\t\t<div class=\"e-con-inner\">\n\t\t<div class=\"elementor-element elementor-element-208f2a5 e-con-full e-flex e-con e-child\" data-id=\"208f2a5\" data-element_type=\"container\">\n\t\t\t\t<div class=\"elementor-element elementor-element-e5df552 elementor-invisible elementor-widget elementor-widget-heading\" data-id=\"e5df552\" data-element_type=\"widget\" data-settings=\"{&quot;_animation&quot;:&quot;fadeIn&quot;,&quot;_animation_delay&quot;:100}\" data-widget_type=\"heading.default\">\n\t\t\t\t<div class=\"elementor-widget-container\">\n\t\t\t<h2 class=\"elementor-heading-title elementor-size-default\">Pla\u017ee i nacionalni parkovi<\/h2>\t\t<\/div>\n\t\t\t\t<\/div>\n\t\t\t\t<div class=\"elementor-element elementor-element-d068a51 elementor-invisible elementor-widget elementor-widget-text-editor\" data-id=\"d068a51\" data-element_type=\"widget\" data-settings=\"{&quot;_animation&quot;:&quot;fadeIn&quot;,&quot;_animation_delay&quot;:200}\" data-widget_type=\"text-editor.default\">\n\t\t\t\t<div class=\"elementor-widget-container\">\n\t\t\t\t\t\t\t<p>Postoji mnogo sadr\u017eaja i pla\u017ea koje mo\u017eete istra\u017eivati u svom slobodnom vremenu. No, svakako preporu\u010dujemo da posjetite barem jedan od tri obli\u017enja nacionalna parka.<\/p><p>Vi\u0161e informacija:<\/p><ul><li><a href=\"http:\/\/www.np-krka.hr\/en\/\">http:\/\/www.np-krka.hr\/en\/<\/a><\/li><li><a href=\"http:\/\/www.np-kornati.hr\/en\/\">http:\/\/www.np-kornati.hr\/en\/<\/a><\/li><li><a href=\"https:\/\/np-paklenica.hr\/en\/\">https:\/\/np-paklenica.hr\/en\/<\/a><\/li><\/ul>\t\t\t\t\t\t<\/div>\n\t\t\t\t<\/div>\n\t\t\t\t<\/div>\n\t\t<div class=\"elementor-element elementor-element-1ccc616 e-con-full e-flex e-con e-child\" data-id=\"1ccc616\" data-element_type=\"container\" data-settings=\"{&quot;background_background&quot;:&quot;classic&quot;}\">\n\t\t\t\t<div class=\"elementor-element elementor-element-8cea43d elementor-widget elementor-widget-spacer\" data-id=\"8cea43d\" data-element_type=\"widget\" data-widget_type=\"spacer.default\">\n\t\t\t\t<div class=\"elementor-widget-container\">\n\t\t\t\t\t<div class=\"elementor-spacer\">\n\t\t\t<div class=\"elementor-spacer-inner\"><\/div>\n\t\t<\/div>\n\t\t\t\t<\/div>\n\t\t\t\t<\/div>\n\t\t\t\t<\/div>\n\t\t\t\t\t<\/div>\n\t\t\t\t<\/div>\n\t\t\t\t<\/div>","protected":false},"excerpt":{"rendered":"<p>Tisno, Croatia Tisno is a small town located in the \u0160ibenik-Knin County on the Dalmatian coast. It\u2019s close to the main Dalmatian cities of Zadar and \u0160ibenik. Located partly on the island of Murter, and partly on the mainland. The town itself draws the name from the mainland part, the Tisno peninsula. A drawbridge connects [&hellip;]<\/p>","protected":false},"author":1,"featured_media":0,"parent":0,"menu_order":0,"comment_status":"closed","ping_status":"closed","template":"","meta":{"footnotes":""},"_links":{"self":[{"href":"https:\/\/www.tisnoresort.hr\/hr\/wp-json\/wp\/v2\/pages\/28"}],"collection":[{"href":"https:\/\/www.tisnoresort.hr\/hr\/wp-json\/wp\/v2\/pages"}],"about":[{"href":"https:\/\/www.tisnoresort.hr\/hr\/wp-json\/wp\/v2\/types\/page"}],"author":[{"embeddable":true,"href":"https:\/\/www.tisnoresort.hr\/hr\/wp-json\/wp\/v2\/users\/1"}],"replies":[{"embeddable":true,"href":"https:\/\/www.tisnoresort.hr\/hr\/wp-json\/wp\/v2\/comments?post=28"}],"version-history":[{"count":0,"href":"https:\/\/www.tisnoresort.hr\/hr\/wp-json\/wp\/v2\/pages\/28\/revisions"}],"wp:attachment":[{"href":"https:\/\/www.tisnoresort.hr\/hr\/wp-json\/wp\/v2\/media?parent=28"}],"curies":[{"name":"wp","href":"https:\/\/api.w.org\/{rel}","templated":true}]}}