{"id":24,"date":"2024-07-11T16:56:35","date_gmt":"2024-07-11T16:56:35","guid":{"rendered":"https:\/\/esperanzapreview.com\/?page_id=24"},"modified":"2024-07-11T16:59:04","modified_gmt":"2024-07-11T16:59:04","slug":"privacy-policy","status":"publish","type":"page","link":"https:\/\/www.tisnoresort.hr\/hr\/privacy-policy\/","title":{"rendered":"Politika privatnosti"},"content":{"rendered":"<div data-elementor-type=\"wp-page\" data-elementor-id=\"24\" class=\"elementor elementor-24\" data-elementor-post-type=\"page\">\n\t\t\t\t<div class=\"elementor-element elementor-element-8b2feb4 e-flex e-con-boxed e-con e-parent\" data-id=\"8b2feb4\" data-element_type=\"container\">\n\t\t\t\t\t<div class=\"e-con-inner\">\n\t\t\t\t<div class=\"elementor-element elementor-element-65ef7a4 elementor-widget elementor-widget-text-editor\" data-id=\"65ef7a4\" data-element_type=\"widget\" data-widget_type=\"text-editor.default\">\n\t\t\t\t<div class=\"elementor-widget-container\">\n\t\t\t<style>\/*! elementor - v3.22.0 - 26-06-2024 *\/\n.elementor-widget-text-editor.elementor-drop-cap-view-stacked .elementor-drop-cap{background-color:#69727d;color:#fff}.elementor-widget-text-editor.elementor-drop-cap-view-framed .elementor-drop-cap{color:#69727d;border:3px solid;background-color:transparent}.elementor-widget-text-editor:not(.elementor-drop-cap-view-default) .elementor-drop-cap{margin-top:8px}.elementor-widget-text-editor:not(.elementor-drop-cap-view-default) .elementor-drop-cap-letter{width:1em;height:1em}.elementor-widget-text-editor .elementor-drop-cap{float:left;text-align:center;line-height:1;font-size:50px}.elementor-widget-text-editor .elementor-drop-cap-letter{display:inline-block}<\/style>\t\t\t\t<div class=\"col-md-12\"><p>U Tisno Resortu, koji je dostupan sa www.tisnoresort.hr, jedan od na\u0161ih glavnih prioriteta je privatnost na\u0161ih posjetitelja. Ovaj dokument o politici privatnosti sadr\u017ei vrste podataka koje prikuplja i bilje\u017ei Tisno Resort i kako ih koristimo.<\/p><p>Ako imate dodatna pitanja ili vam je potrebno vi\u0161e informacija o na\u0161im Pravilima o privatnosti, ne ustru\u010davajte se kontaktirati nas.<\/p><p>Ova pravila o privatnosti odnose se samo na na\u0161e online aktivnosti i vrijede za posjetitelje na\u0161e web stranice s obzirom na informacije koje smo podijelili i \/ ili prikupili u Tisno Resortu. Ne odnosi se na podatke prikupljene preko drugih kanala koji nisu ove web stranice.<\/p><h3>Privola<\/h3><p>Kori\u0161tenjem na\u0161e web stranice, prihva\u0107ate na\u0161u politiku privatnosti i njene uvjete.<\/p><h3>Informacije koje prikupljamo<\/h3><p>Osobni podaci koje tra\u017eimo da pru\u017eite i razlozi za\u0161to ih tra\u017eimo \u0107emo razjasniti u trenutku kad budemo od vas tra\u017eili da navedete svoje osobne podatke.<\/p><p>Ako nas kontaktirate izravno, mo\u017eda \u0107emo dobiti dodatne informacije o vama, kao \u0161to su va\u0161e ime, adresa e-po\u0161te, telefonski broj, sadr\u017eaj poruke i \/ ili privitke koje nam mo\u017eete poslati i sve ostale podatke koje odlu\u010dite da nam date.<\/p><h3>Kako koristimo va\u0161e podatke<\/h3><p>Podatke koje prikupljamo kroistimo na razne na\u010dine, uklju\u010duju\u0107i:<\/p><ul><li>Pru\u017eanje, upravljanje i odr\u017eavanje na\u0161ih web stranica<\/li><li>Pobolj\u0161anje, personaliziranje i pro\u0161irenje na\u0161ih web stranica<\/li><li>Razumijevanje i analizu kako koristite na\u0161u stranice<\/li><li>Smi\u0161ljanja novih proizvoda, usluga i funkcionalnosti<\/li><li>Komuniciranje s vama bilo izravno ili putem nekog od na\u0161ih partnera, uklju\u010duju\u0107i slu\u017ebu za korisnike, kako bismo vam pru\u017eili a\u017euriranja i druge informacije koje se odnose na web stranicu, kao i za marketin\u0161ke i promotivne svrhe<\/li><li>Slanje elektronske po\u0161te<\/li><li>Pronala\u017eenje i sprije\u010davanje prevare<\/li><\/ul><h3>Log datoteke<\/h3><p>Tisno Resort slijedi standardne procedure kod kori\u0161tenja logova. Ovi zapisi registriraju korisnike kad posje\u0107uju web stranicu. Sve hosting kompanije to rade kao dio hosting analitike. Informacije koje se zapisuju sadr\u017ee internet protokol (IP) adrese, tip preglednika, davatelja internet usluga (ISP), datum i vrijeme, referal stranice\/odlazne stranice, i vjerojatno broj klikova. Ovi podatci nisu povezani s bilo kojom informacijom koja se mo\u017ee osobno identificirati. Svrha informacija je analiza trendova, administriranje web stranice, pra\u0107enje kretanja korisnika na web stranici i prikupljanje demografskih podataka.<\/p><h3>Kola\u010di\u0107i<\/h3><p>Kao sve ostale stranice, Tisno Resort koristi kola\u010di\u0107e. Kola\u010di\u0107i se koriste za pohranu informacija poput preferenci korisnika, i informacije o stranicama koje je korisnik posjetio. Ove informacije se koriste za optimizaciju korisni\u010dkog iskustva kroz prilagodbu sadr\u017eaja prema korisnikovom tipu preglednika i\/ili drugih informacija.<\/p><p>Za vi\u0161e informacija o kola\u010di\u0107ima molimo pro\u010ditajte\u00a0<a href=\"https:\/\/www.cookieconsent.com\/what-are-cookies\/\" target=\"_blank\" rel=\"noreferrer noopener\" aria-label=\"undefined (opens in a new tab)\">\u201cWhat Are Cookies\u201d<\/a>.<\/p><h3>Pravila o privatnosti tre\u0107ih strana<\/h3><p>Politika privatnosti Tisno Resorta ne odnosi se na druge ogla\u0161iva\u010de ili web stranice. Stoga vam savjetujemo da se za detaljnije informacije konzultirate s pravilima o privatnosti tih tre\u0107ih oglasnih poslu\u017eitelja. To mo\u017ee uklju\u010divati njihove prakse i upute o isklju\u010divanju odre\u0111enih opcija.<\/p><p>Mo\u017eete isklju\u010diti kola\u010di\u0107e unutar svog preglednika. Vi\u0161e informacija o tome kako kontrolirati kola\u010di\u0107e u odre\u0111enom pregledniku mo\u017eete prona\u0107i na web stranicama samog preglednika.<\/p><h3>GDPR \u2013 Prava na za\u0161titu podataka<\/h3><p>\u017delimo biti sigurni da ste potpuno svjesni svih svojih prava na za\u0161titu podataka. Svaki korisnik ima pravo na sljede\u0107e:<\/p><p>Pravo na pristup \u2013 Imate pravo tra\u017eiti kopije va\u0161ih osobnih podataka. Mo\u017eemo vam naplatiti malu naknadu za ovu uslugu.<\/p><p>Pravo na ispravku \u2013 Imate pravo zatra\u017eiti da ispravimo bilo koje podatke za koje smatrate da su neto\u010dni. Tako\u0111er imate pravo tra\u017eiti da ispunimo podatke za koje smatrate da su nepotpuni.<\/p><p>Pravo na brisanje \u2013 Imate pravo zatra\u017eiti brisanje va\u0161ih osobnih podataka, pod odre\u0111enim uvjetima.<\/p><p>Pravo na ograni\u010davanje obrade \u2013 Imate pravo tra\u017eiti da ograni\u010dimo obradu va\u0161ih osobnih podataka, pod odre\u0111enim uvjetima.<\/p><p>Pravo na prigovor na obradu \u2013 Imate pravo prigovora na na\u0161u obradu va\u0161ih osobnih podataka, pod odre\u0111enim uvjetima.<\/p><p>Pravo na prenosivost podataka \u2013 Imate pravo tra\u017eiti da podatke koje smo prikupili prenesemo drugoj organizaciji ili izravno vama, pod odre\u0111enim uvjetima.<\/p><p>Ukoliko podnesete zahtjev, na\u0161a obaveza je da vam odgovorimo u roku od mjesec dana. Ako \u017eelite iskoristiti bilo koje od ovih prava, obratite nam se na <a href=\"mailto:tisnoresort@gmail.com\">tisnoresort@gmail.com<\/a>.<\/p><\/div>\t\t\t\t\t\t<\/div>\n\t\t\t\t<\/div>\n\t\t\t\t\t<\/div>\n\t\t\t\t<\/div>\n\t\t\t\t<\/div>","protected":false},"excerpt":{"rendered":"<p>U Tisno Resortu, koji je dostupan sa www.tisnoresort.hr, jedan od na\u0161ih glavnih prioriteta je privatnost na\u0161ih posjetitelja. Ovaj dokument o politici privatnosti sadr\u017ei vrste podataka koje prikuplja i bilje\u017ei Tisno Resort i kako ih koristimo. Ako imate dodatna pitanja ili vam je potrebno vi\u0161e informacija o na\u0161im Pravilima o privatnosti, ne ustru\u010davajte se kontaktirati nas. [&hellip;]<\/p>","protected":false},"author":1,"featured_media":0,"parent":0,"menu_order":0,"comment_status":"closed","ping_status":"closed","template":"","meta":{"footnotes":""},"_links":{"self":[{"href":"https:\/\/www.tisnoresort.hr\/hr\/wp-json\/wp\/v2\/pages\/24"}],"collection":[{"href":"https:\/\/www.tisnoresort.hr\/hr\/wp-json\/wp\/v2\/pages"}],"about":[{"href":"https:\/\/www.tisnoresort.hr\/hr\/wp-json\/wp\/v2\/types\/page"}],"author":[{"embeddable":true,"href":"https:\/\/www.tisnoresort.hr\/hr\/wp-json\/wp\/v2\/users\/1"}],"replies":[{"embeddable":true,"href":"https:\/\/www.tisnoresort.hr\/hr\/wp-json\/wp\/v2\/comments?post=24"}],"version-history":[{"count":0,"href":"https:\/\/www.tisnoresort.hr\/hr\/wp-json\/wp\/v2\/pages\/24\/revisions"}],"wp:attachment":[{"href":"https:\/\/www.tisnoresort.hr\/hr\/wp-json\/wp\/v2\/media?parent=24"}],"curies":[{"name":"wp","href":"https:\/\/api.w.org\/{rel}","templated":true}]}}