{"id":20,"date":"2024-07-11T16:56:15","date_gmt":"2024-07-11T16:56:15","guid":{"rendered":"https:\/\/esperanzapreview.com\/?page_id=20"},"modified":"2024-07-17T16:11:45","modified_gmt":"2024-07-17T16:11:45","slug":"getting-to-tisno","status":"publish","type":"page","link":"https:\/\/www.tisnoresort.hr\/hr\/getting-to-tisno\/","title":{"rendered":"Dolazak u Tisno"},"content":{"rendered":"<div data-elementor-type=\"wp-page\" data-elementor-id=\"20\" class=\"elementor elementor-20\" data-elementor-post-type=\"page\">\n\t\t\t\t<div class=\"elementor-element elementor-element-74cbf37 e-flex e-con-boxed e-con e-parent\" data-id=\"74cbf37\" data-element_type=\"container\">\n\t\t\t\t\t<div class=\"e-con-inner\">\n\t\t<div class=\"elementor-element elementor-element-ccbd936 e-con-full e-flex e-con e-child\" data-id=\"ccbd936\" data-element_type=\"container\" data-settings=\"{&quot;background_background&quot;:&quot;classic&quot;}\">\n\t\t<div class=\"elementor-element elementor-element-a15fdc5 e-con-full e-flex e-con e-child\" data-id=\"a15fdc5\" data-element_type=\"container\">\n\t\t\t\t<div class=\"elementor-element elementor-element-666ebb1 elementor-invisible elementor-widget elementor-widget-heading\" data-id=\"666ebb1\" data-element_type=\"widget\" data-settings=\"{&quot;_animation&quot;:&quot;fadeIn&quot;}\" data-widget_type=\"heading.default\">\n\t\t\t\t<div class=\"elementor-widget-container\">\n\t\t\t<style>\/*! elementor - v3.22.0 - 26-06-2024 *\/\n.elementor-heading-title{padding:0;margin:0;line-height:1}.elementor-widget-heading .elementor-heading-title[class*=elementor-size-]>a{color:inherit;font-size:inherit;line-height:inherit}.elementor-widget-heading .elementor-heading-title.elementor-size-small{font-size:15px}.elementor-widget-heading .elementor-heading-title.elementor-size-medium{font-size:19px}.elementor-widget-heading .elementor-heading-title.elementor-size-large{font-size:29px}.elementor-widget-heading .elementor-heading-title.elementor-size-xl{font-size:39px}.elementor-widget-heading .elementor-heading-title.elementor-size-xxl{font-size:59px}<\/style><h2 class=\"elementor-heading-title elementor-size-default\">Dolazak u Tisno<\/h2>\t\t<\/div>\n\t\t\t\t<\/div>\n\t\t\t\t<div class=\"elementor-element elementor-element-5dae09e elementor-invisible elementor-widget elementor-widget-text-editor\" data-id=\"5dae09e\" data-element_type=\"widget\" data-settings=\"{&quot;_animation&quot;:&quot;fadeIn&quot;,&quot;_animation_delay&quot;:100}\" data-widget_type=\"text-editor.default\">\n\t\t\t\t<div class=\"elementor-widget-container\">\n\t\t\t<style>\/*! elementor - v3.22.0 - 26-06-2024 *\/\n.elementor-widget-text-editor.elementor-drop-cap-view-stacked .elementor-drop-cap{background-color:#69727d;color:#fff}.elementor-widget-text-editor.elementor-drop-cap-view-framed .elementor-drop-cap{color:#69727d;border:3px solid;background-color:transparent}.elementor-widget-text-editor:not(.elementor-drop-cap-view-default) .elementor-drop-cap{margin-top:8px}.elementor-widget-text-editor:not(.elementor-drop-cap-view-default) .elementor-drop-cap-letter{width:1em;height:1em}.elementor-widget-text-editor .elementor-drop-cap{float:left;text-align:center;line-height:1;font-size:50px}.elementor-widget-text-editor .elementor-drop-cap-letter{display:inline-block}<\/style>\t\t\t\t<p>Dolazak do va\u0161eg smje\u0161taja nikada nije bio lak\u0161i. U nastavku smo pru\u017eili detaljne informacije kako bismo osigurali glatki i bezbri\u017eni dolazak.<\/p>\t\t\t\t\t\t<\/div>\n\t\t\t\t<\/div>\n\t\t\t\t<div class=\"elementor-element elementor-element-8442256 elementor-align-left elementor-invisible elementor-widget elementor-widget-button\" data-id=\"8442256\" data-element_type=\"widget\" data-settings=\"{&quot;_animation&quot;:&quot;fadeIn&quot;,&quot;_animation_delay&quot;:200}\" data-widget_type=\"button.default\">\n\t\t\t\t<div class=\"elementor-widget-container\">\n\t\t\t\t\t<div class=\"elementor-button-wrapper\">\n\t\t\t<a class=\"elementor-button elementor-button-link elementor-size-sm\" href=\"https:\/\/www.tisnoresort.hr\/hr\/apartments\/\">\n\t\t\t\t\t\t<span class=\"elementor-button-content-wrapper\">\n\t\t\t\t\t\t\t\t\t<span class=\"elementor-button-text\">Provjeri dostupnost<\/span>\n\t\t\t\t\t<\/span>\n\t\t\t\t\t<\/a>\n\t\t<\/div>\n\t\t\t\t<\/div>\n\t\t\t\t<\/div>\n\t\t\t\t<\/div>\n\t\t<div class=\"elementor-element elementor-element-303cb2a e-con-full e-flex e-con e-child\" data-id=\"303cb2a\" data-element_type=\"container\">\n\t\t\t\t<\/div>\n\t\t\t\t<\/div>\n\t\t\t\t\t<\/div>\n\t\t\t\t<\/div>\n\t\t<div class=\"elementor-element elementor-element-268feb4 e-flex e-con-boxed e-con e-parent\" data-id=\"268feb4\" data-element_type=\"container\">\n\t\t\t\t\t<div class=\"e-con-inner\">\n\t\t<div class=\"elementor-element elementor-element-45e45cd e-con-full e-flex e-con e-child\" data-id=\"45e45cd\" data-element_type=\"container\" data-settings=\"{&quot;background_background&quot;:&quot;classic&quot;}\">\n\t\t<div class=\"elementor-element elementor-element-160ae6e e-con-full e-flex e-con e-child\" data-id=\"160ae6e\" data-element_type=\"container\" data-settings=\"{&quot;background_background&quot;:&quot;classic&quot;}\">\n\t\t\t\t<div class=\"elementor-element elementor-element-0f1349a elementor-widget elementor-widget-spacer\" data-id=\"0f1349a\" data-element_type=\"widget\" data-widget_type=\"spacer.default\">\n\t\t\t\t<div class=\"elementor-widget-container\">\n\t\t\t<style>\/*! elementor - v3.22.0 - 26-06-2024 *\/\n.elementor-column .elementor-spacer-inner{height:var(--spacer-size)}.e-con{--container-widget-width:100%}.e-con-inner>.elementor-widget-spacer,.e-con>.elementor-widget-spacer{width:var(--container-widget-width,var(--spacer-size));--align-self:var(--container-widget-align-self,initial);--flex-shrink:0}.e-con-inner>.elementor-widget-spacer>.elementor-widget-container,.e-con>.elementor-widget-spacer>.elementor-widget-container{height:100%;width:100%}.e-con-inner>.elementor-widget-spacer>.elementor-widget-container>.elementor-spacer,.e-con>.elementor-widget-spacer>.elementor-widget-container>.elementor-spacer{height:100%}.e-con-inner>.elementor-widget-spacer>.elementor-widget-container>.elementor-spacer>.elementor-spacer-inner,.e-con>.elementor-widget-spacer>.elementor-widget-container>.elementor-spacer>.elementor-spacer-inner{height:var(--container-widget-height,var(--spacer-size))}.e-con-inner>.elementor-widget-spacer.elementor-widget-empty,.e-con>.elementor-widget-spacer.elementor-widget-empty{position:relative;min-height:22px;min-width:22px}.e-con-inner>.elementor-widget-spacer.elementor-widget-empty .elementor-widget-empty-icon,.e-con>.elementor-widget-spacer.elementor-widget-empty .elementor-widget-empty-icon{position:absolute;top:0;bottom:0;left:0;right:0;margin:auto;padding:0;width:22px;height:22px}<\/style>\t\t<div class=\"elementor-spacer\">\n\t\t\t<div class=\"elementor-spacer-inner\"><\/div>\n\t\t<\/div>\n\t\t\t\t<\/div>\n\t\t\t\t<\/div>\n\t\t\t\t<\/div>\n\t\t<div class=\"elementor-element elementor-element-0ef32bb e-con-full e-flex e-con e-child\" data-id=\"0ef32bb\" data-element_type=\"container\">\n\t\t\t\t<div class=\"elementor-element elementor-element-f98fcb8 elementor-invisible elementor-widget elementor-widget-heading\" data-id=\"f98fcb8\" data-element_type=\"widget\" data-settings=\"{&quot;_animation&quot;:&quot;fadeIn&quot;,&quot;_animation_delay&quot;:100}\" data-widget_type=\"heading.default\">\n\t\t\t\t<div class=\"elementor-widget-container\">\n\t\t\t<h2 class=\"elementor-heading-title elementor-size-default\">Autom<\/h2>\t\t<\/div>\n\t\t\t\t<\/div>\n\t\t\t\t<div class=\"elementor-element elementor-element-e2b1f8c elementor-invisible elementor-widget elementor-widget-text-editor\" data-id=\"e2b1f8c\" data-element_type=\"widget\" data-settings=\"{&quot;_animation&quot;:&quot;fadeIn&quot;,&quot;_animation_delay&quot;:200}\" data-widget_type=\"text-editor.default\">\n\t\t\t\t<div class=\"elementor-widget-container\">\n\t\t\t\t\t\t\t<p class=\" translation-block\"><strong>Iza\u0111ite s autoceste A1<\/strong> na <strong>izlazu Pirovac<\/strong>, a zatim nastavite u <strong>smjeru otoka Murtera \u2013 Kornati<\/strong>.<\/p><p class=\" translation-block\">Kada stignete u <strong>Tisno<\/strong>, <strong>prije\u0111ite most i skrenite lijevo<\/strong>. Vozite du\u017e obale do <strong>spomenika<\/strong>, gdje \u0107ete prona\u0107i <strong>javnu parkirnu povr\u0161inu<\/strong>.<\/p><p class=\" translation-block\">Parkirali\u0161te se nalazi na po\u010detku <strong>Ulice Put Karavaja<\/strong>. Sama zgrada je udaljena oko 20 metara od parkirali\u0161ta na broju <strong>22<\/strong>.<\/p>\t\t\t\t\t\t<\/div>\n\t\t\t\t<\/div>\n\t\t\t\t<\/div>\n\t\t\t\t<\/div>\n\t\t\t\t\t<\/div>\n\t\t\t\t<\/div>\n\t\t<div class=\"elementor-element elementor-element-76916dd e-flex e-con-boxed e-con e-parent\" data-id=\"76916dd\" data-element_type=\"container\">\n\t\t\t\t\t<div class=\"e-con-inner\">\n\t\t<div class=\"elementor-element elementor-element-8c75dfa e-con-full e-flex e-con e-child\" data-id=\"8c75dfa\" data-element_type=\"container\" data-settings=\"{&quot;background_background&quot;:&quot;classic&quot;}\">\n\t\t<div class=\"elementor-element elementor-element-d78f562 e-con-full e-flex e-con e-child\" data-id=\"d78f562\" data-element_type=\"container\">\n\t\t\t\t<div class=\"elementor-element elementor-element-972ee7d elementor-invisible elementor-widget elementor-widget-heading\" data-id=\"972ee7d\" data-element_type=\"widget\" data-settings=\"{&quot;_animation&quot;:&quot;fadeIn&quot;,&quot;_animation_delay&quot;:100}\" data-widget_type=\"heading.default\">\n\t\t\t\t<div class=\"elementor-widget-container\">\n\t\t\t<h2 class=\"elementor-heading-title elementor-size-default\">Autobus<\/h2>\t\t<\/div>\n\t\t\t\t<\/div>\n\t\t\t\t<div class=\"elementor-element elementor-element-d6b50f0 elementor-invisible elementor-widget elementor-widget-text-editor\" data-id=\"d6b50f0\" data-element_type=\"widget\" data-settings=\"{&quot;_animation&quot;:&quot;fadeIn&quot;,&quot;_animation_delay&quot;:200}\" data-widget_type=\"text-editor.default\">\n\t\t\t\t<div class=\"elementor-widget-container\">\n\t\t\t\t\t\t\t<p class=\" translation-block\">Ako dolazite autobusom, mo\u017eete uzeti <strong>bilo koju liniju za Tisno ili Murter<\/strong> koja staje na <strong>stanici Tisno<\/strong>.<\/p><p class=\" translation-block\">Autobusna stanica je neposredno prije mosta. Od stanice Tisno imate otprilike <strong>5 minuta hodanja<\/strong> do smje\u0161taja.<\/p><p>Pomo\u0107:<br \/><a href=\"https:\/\/getbybus.com\/en\/bus-from-tisno\">https:\/\/getbybus.com\/<\/a><\/p>\t\t\t\t\t\t<\/div>\n\t\t\t\t<\/div>\n\t\t\t\t<\/div>\n\t\t<div class=\"elementor-element elementor-element-122d819 e-con-full e-flex e-con e-child\" data-id=\"122d819\" data-element_type=\"container\">\n\t\t\t\t<div class=\"elementor-element elementor-element-ad5e8c3 elementor-invisible elementor-widget elementor-widget-heading\" data-id=\"ad5e8c3\" data-element_type=\"widget\" data-settings=\"{&quot;_animation&quot;:&quot;fadeIn&quot;,&quot;_animation_delay&quot;:100}\" data-widget_type=\"heading.default\">\n\t\t\t\t<div class=\"elementor-widget-container\">\n\t\t\t<h2 class=\"elementor-heading-title elementor-size-default\">Avion<\/h2>\t\t<\/div>\n\t\t\t\t<\/div>\n\t\t\t\t<div class=\"elementor-element elementor-element-f04dc6a elementor-invisible elementor-widget elementor-widget-text-editor\" data-id=\"f04dc6a\" data-element_type=\"widget\" data-settings=\"{&quot;_animation&quot;:&quot;fadeIn&quot;,&quot;_animation_delay&quot;:200}\" data-widget_type=\"text-editor.default\">\n\t\t\t\t<div class=\"elementor-widget-container\">\n\t\t\t\t\t\t\t<p class=\" translation-block\">U blizini Tisnog nalaze se dva zra\u010dne luke \u2013 <strong>Split i Zadar<\/strong>. Po dolasku mo\u017eete <strong>iznajmiti automobil<\/strong> ili <strong>dogovoriti transfer uz dodatnu naknadu<\/strong>.<\/p><p class=\" translation-block\">Za vi\u0161e informacija, molimo posjetite web stranice <strong>zra\u010dne luke Split<\/strong> i <strong>zra\u010dne luke Zadar<\/strong>:<\/p><p><a href=\"http:\/\/www.split-airport.hr\/index.php?lang=en\">http:\/\/www.split-airport.hr\/<\/a><\/p><p><a href=\"https:\/\/www.zadar-airport.hr\/en\">https:\/\/www.zadar-airport.hr\/<\/a><\/p>\t\t\t\t\t\t<\/div>\n\t\t\t\t<\/div>\n\t\t\t\t<\/div>\n\t\t\t\t<\/div>\n\t\t\t\t\t<\/div>\n\t\t\t\t<\/div>\n\t\t\t\t<\/div>","protected":false},"excerpt":{"rendered":"<p>Getting to your accommodation Getting to your accommodation has never been easier. We&#8217;ve provided detailed information below to ensure a smooth and stress-free arrival. Book now By car Exit the A1 motorway at the Pirovac exit, then continue in the direction of the island of Murter \u2013 Kornati. When you arrive in Tisno, cross the [&hellip;]<\/p>","protected":false},"author":1,"featured_media":0,"parent":0,"menu_order":0,"comment_status":"closed","ping_status":"closed","template":"","meta":{"footnotes":""},"_links":{"self":[{"href":"https:\/\/www.tisnoresort.hr\/hr\/wp-json\/wp\/v2\/pages\/20"}],"collection":[{"href":"https:\/\/www.tisnoresort.hr\/hr\/wp-json\/wp\/v2\/pages"}],"about":[{"href":"https:\/\/www.tisnoresort.hr\/hr\/wp-json\/wp\/v2\/types\/page"}],"author":[{"embeddable":true,"href":"https:\/\/www.tisnoresort.hr\/hr\/wp-json\/wp\/v2\/users\/1"}],"replies":[{"embeddable":true,"href":"https:\/\/www.tisnoresort.hr\/hr\/wp-json\/wp\/v2\/comments?post=20"}],"version-history":[{"count":0,"href":"https:\/\/www.tisnoresort.hr\/hr\/wp-json\/wp\/v2\/pages\/20\/revisions"}],"wp:attachment":[{"href":"https:\/\/www.tisnoresort.hr\/hr\/wp-json\/wp\/v2\/media?parent=20"}],"curies":[{"name":"wp","href":"https:\/\/api.w.org\/{rel}","templated":true}]}}