{"id":18,"date":"2024-07-11T16:55:56","date_gmt":"2024-07-11T16:55:56","guid":{"rendered":"https:\/\/esperanzapreview.com\/?page_id=18"},"modified":"2024-07-14T17:37:13","modified_gmt":"2024-07-14T17:37:13","slug":"gallery","status":"publish","type":"page","link":"https:\/\/www.tisnoresort.hr\/hr\/gallery\/","title":{"rendered":"Galerija"},"content":{"rendered":"<div data-elementor-type=\"wp-page\" data-elementor-id=\"18\" class=\"elementor elementor-18\" data-elementor-post-type=\"page\">\n\t\t\t\t\t\t<section class=\"elementor-section elementor-top-section elementor-element elementor-element-e19337f elementor-section-height-min-height elementor-section-content-middle elementor-section-boxed elementor-section-height-default elementor-section-items-middle\" data-id=\"e19337f\" data-element_type=\"section\">\n\t\t\t\t\t\t<div class=\"elementor-container elementor-column-gap-default\">\n\t\t\t\t\t<div class=\"elementor-column elementor-col-100 elementor-top-column elementor-element elementor-element-f043f2d\" data-id=\"f043f2d\" data-element_type=\"column\">\n\t\t\t<div class=\"elementor-widget-wrap elementor-element-populated\">\n\t\t\t\t\t\t<div class=\"elementor-element elementor-element-126dcaf elementor-invisible elementor-widget elementor-widget-heading\" data-id=\"126dcaf\" data-element_type=\"widget\" data-settings=\"{&quot;_animation&quot;:&quot;fadeIn&quot;}\" data-widget_type=\"heading.default\">\n\t\t\t\t<div class=\"elementor-widget-container\">\n\t\t\t<style>\/*! elementor - v3.22.0 - 26-06-2024 *\/\n.elementor-heading-title{padding:0;margin:0;line-height:1}.elementor-widget-heading .elementor-heading-title[class*=elementor-size-]>a{color:inherit;font-size:inherit;line-height:inherit}.elementor-widget-heading .elementor-heading-title.elementor-size-small{font-size:15px}.elementor-widget-heading .elementor-heading-title.elementor-size-medium{font-size:19px}.elementor-widget-heading .elementor-heading-title.elementor-size-large{font-size:29px}.elementor-widget-heading .elementor-heading-title.elementor-size-xl{font-size:39px}.elementor-widget-heading .elementor-heading-title.elementor-size-xxl{font-size:59px}<\/style><h2 class=\"elementor-heading-title elementor-size-default\">GALERIJA<\/h2>\t\t<\/div>\n\t\t\t\t<\/div>\n\t\t\t\t<div class=\"elementor-element elementor-element-d508fed elementor-invisible elementor-widget elementor-widget-text-editor\" data-id=\"d508fed\" data-element_type=\"widget\" data-settings=\"{&quot;_animation&quot;:&quot;fadeInUp&quot;,&quot;_animation_delay&quot;:800}\" data-widget_type=\"text-editor.default\">\n\t\t\t\t<div class=\"elementor-widget-container\">\n\t\t\t<style>\/*! elementor - v3.22.0 - 26-06-2024 *\/\n.elementor-widget-text-editor.elementor-drop-cap-view-stacked .elementor-drop-cap{background-color:#69727d;color:#fff}.elementor-widget-text-editor.elementor-drop-cap-view-framed .elementor-drop-cap{color:#69727d;border:3px solid;background-color:transparent}.elementor-widget-text-editor:not(.elementor-drop-cap-view-default) .elementor-drop-cap{margin-top:8px}.elementor-widget-text-editor:not(.elementor-drop-cap-view-default) .elementor-drop-cap-letter{width:1em;height:1em}.elementor-widget-text-editor .elementor-drop-cap{float:left;text-align:center;line-height:1;font-size:50px}.elementor-widget-text-editor .elementor-drop-cap-letter{display:inline-block}<\/style>\t\t\t\t<p>Istra\u017eite o\u010daravaju\u0107u ljepotu na\u0161eg resorta i \u0161armantnog gradi\u0107a Tisnog kroz na\u0161u galeriju fotografija.<\/p>\t\t\t\t\t\t<\/div>\n\t\t\t\t<\/div>\n\t\t\t\t<div class=\"elementor-element elementor-element-56b487f elementor-widget elementor-widget-ucaddon_uc_compact_image_theme\" data-id=\"56b487f\" data-element_type=\"widget\" data-widget_type=\"ucaddon_uc_compact_image_theme.default\">\n\t\t\t\t<div class=\"elementor-widget-container\">\n\t\t\t\n<!-- start Compact Gallery -->\n\t\t<link id='unitegallery-css' href='https:\/\/www.tisnoresort.hr\/wp-content\/plugins\/unlimited-elements-for-elementor\/assets_libraries\/unitegallery\/css\/unite-gallery.css' type='text\/css' rel='stylesheet' >\n\n\n<div id=\"uc_uc_compact_image_theme_elementor_56b487f\" class=\"uc-items-wrapper\" style=\"display:none; margin:0 auto;\"  data-remote-type=\"gallery\" data-custom-sethtml=\"true\" >\n\n\n<img decoding=\"async\" alt=\"DJI_0611-Enhanced-NR\"\n   src=\"https:\/\/www.tisnoresort.hr\/wp-content\/uploads\/2024\/07\/DJI_0611-Enhanced-NR-768x512.jpg\"\n    data-image=\"https:\/\/www.tisnoresort.hr\/wp-content\/uploads\/2024\/07\/DJI_0611-Enhanced-NR-1024x683.jpg\"\n    data-title=\"DJI_0611-Enhanced-NR\">\n\n<img decoding=\"async\" alt=\"DJI_0612\"\n   src=\"https:\/\/www.tisnoresort.hr\/wp-content\/uploads\/2024\/07\/DJI_0612-768x512.jpg\"\n    data-image=\"https:\/\/www.tisnoresort.hr\/wp-content\/uploads\/2024\/07\/DJI_0612-1024x683.jpg\"\n    data-title=\"DJI_0612\">\n\n<img decoding=\"async\" alt=\"default\"\n   src=\"https:\/\/www.tisnoresort.hr\/wp-content\/uploads\/2024\/07\/DJI_0653-768x512.jpg\"\n    data-image=\"https:\/\/www.tisnoresort.hr\/wp-content\/uploads\/2024\/07\/DJI_0653-1024x683.jpg\"\n    data-title=\"default\">\n\n<img decoding=\"async\" alt=\"default\"\n   src=\"https:\/\/www.tisnoresort.hr\/wp-content\/uploads\/2024\/07\/DJI_0654-768x512.jpg\"\n    data-image=\"https:\/\/www.tisnoresort.hr\/wp-content\/uploads\/2024\/07\/DJI_0654-1024x683.jpg\"\n    data-title=\"default\">\n\n<img decoding=\"async\" alt=\"P1193853-Enhanced-NR\"\n   src=\"https:\/\/www.tisnoresort.hr\/wp-content\/uploads\/2024\/07\/P1193853-Enhanced-NR-768x512.jpg\"\n    data-image=\"https:\/\/www.tisnoresort.hr\/wp-content\/uploads\/2024\/07\/P1193853-Enhanced-NR-1024x683.jpg\"\n    data-title=\"P1193853-Enhanced-NR\">\n\n<img decoding=\"async\" alt=\"P1193857-Enhanced-NR\"\n   src=\"https:\/\/www.tisnoresort.hr\/wp-content\/uploads\/2024\/07\/P1193857-Enhanced-NR-768x512.jpg\"\n    data-image=\"https:\/\/www.tisnoresort.hr\/wp-content\/uploads\/2024\/07\/P1193857-Enhanced-NR-1024x683.jpg\"\n    data-title=\"P1193857-Enhanced-NR\">\n\n<img decoding=\"async\" alt=\"P1193858-Enhanced-NR\"\n   src=\"https:\/\/www.tisnoresort.hr\/wp-content\/uploads\/2024\/07\/P1193858-Enhanced-NR-768x512.jpg\"\n    data-image=\"https:\/\/www.tisnoresort.hr\/wp-content\/uploads\/2024\/07\/P1193858-Enhanced-NR-1024x683.jpg\"\n    data-title=\"P1193858-Enhanced-NR\">\n\n<img decoding=\"async\" alt=\"P1193859-Enhanced-NR\"\n   src=\"https:\/\/www.tisnoresort.hr\/wp-content\/uploads\/2024\/07\/P1193859-Enhanced-NR-768x512.jpg\"\n    data-image=\"https:\/\/www.tisnoresort.hr\/wp-content\/uploads\/2024\/07\/P1193859-Enhanced-NR-1024x683.jpg\"\n    data-title=\"P1193859-Enhanced-NR\">\n\n<img decoding=\"async\" alt=\"P1193860-Enhanced-NR\"\n   src=\"https:\/\/www.tisnoresort.hr\/wp-content\/uploads\/2024\/07\/P1193860-Enhanced-NR-768x512.jpg\"\n    data-image=\"https:\/\/www.tisnoresort.hr\/wp-content\/uploads\/2024\/07\/P1193860-Enhanced-NR-1024x683.jpg\"\n    data-title=\"P1193860-Enhanced-NR\">\n\n<img decoding=\"async\" alt=\"P1193863-Enhanced-NR\"\n   src=\"https:\/\/www.tisnoresort.hr\/wp-content\/uploads\/2024\/07\/P1193863-Enhanced-NR-768x512.jpg\"\n    data-image=\"https:\/\/www.tisnoresort.hr\/wp-content\/uploads\/2024\/07\/P1193863-Enhanced-NR-1024x683.jpg\"\n    data-title=\"P1193863-Enhanced-NR\">\n\n<img decoding=\"async\" alt=\"P1193864-Enhanced-NR\"\n   src=\"https:\/\/www.tisnoresort.hr\/wp-content\/uploads\/2024\/07\/P1193864-Enhanced-NR-768x512.jpg\"\n    data-image=\"https:\/\/www.tisnoresort.hr\/wp-content\/uploads\/2024\/07\/P1193864-Enhanced-NR-1024x683.jpg\"\n    data-title=\"P1193864-Enhanced-NR\">\n\n<img decoding=\"async\" alt=\"P1193868-Enhanced-NR\"\n   src=\"https:\/\/www.tisnoresort.hr\/wp-content\/uploads\/2024\/07\/P1193868-Enhanced-NR-768x512.jpg\"\n    data-image=\"https:\/\/www.tisnoresort.hr\/wp-content\/uploads\/2024\/07\/P1193868-Enhanced-NR-1024x683.jpg\"\n    data-title=\"P1193868-Enhanced-NR\">\n\n<img decoding=\"async\" alt=\"P1193869-Enhanced-NR\"\n   src=\"https:\/\/www.tisnoresort.hr\/wp-content\/uploads\/2024\/07\/P1193869-Enhanced-NR-768x512.jpg\"\n    data-image=\"https:\/\/www.tisnoresort.hr\/wp-content\/uploads\/2024\/07\/P1193869-Enhanced-NR-1024x683.jpg\"\n    data-title=\"P1193869-Enhanced-NR\">\n\n<img decoding=\"async\" alt=\"P1193871-Enhanced-NR\"\n   src=\"https:\/\/www.tisnoresort.hr\/wp-content\/uploads\/2024\/07\/P1193871-Enhanced-NR-768x512.jpg\"\n    data-image=\"https:\/\/www.tisnoresort.hr\/wp-content\/uploads\/2024\/07\/P1193871-Enhanced-NR-1024x683.jpg\"\n    data-title=\"P1193871-Enhanced-NR\">\n\n<img decoding=\"async\" alt=\"P1193873-Enhanced-NR\"\n   src=\"https:\/\/www.tisnoresort.hr\/wp-content\/uploads\/2024\/07\/P1193873-Enhanced-NR-768x512.jpg\"\n    data-image=\"https:\/\/www.tisnoresort.hr\/wp-content\/uploads\/2024\/07\/P1193873-Enhanced-NR-1024x683.jpg\"\n    data-title=\"P1193873-Enhanced-NR\">\n\n<img decoding=\"async\" alt=\"P1193876-Enhanced-NR\"\n   src=\"https:\/\/www.tisnoresort.hr\/wp-content\/uploads\/2024\/07\/P1193876-Enhanced-NR-768x512.jpg\"\n    data-image=\"https:\/\/www.tisnoresort.hr\/wp-content\/uploads\/2024\/07\/P1193876-Enhanced-NR-1024x683.jpg\"\n    data-title=\"P1193876-Enhanced-NR\">\n\n<img decoding=\"async\" alt=\"P1193877-Enhanced-NR\"\n   src=\"https:\/\/www.tisnoresort.hr\/wp-content\/uploads\/2024\/07\/P1193877-Enhanced-NR-768x512.jpg\"\n    data-image=\"https:\/\/www.tisnoresort.hr\/wp-content\/uploads\/2024\/07\/P1193877-Enhanced-NR-1024x683.jpg\"\n    data-title=\"P1193877-Enhanced-NR\">\n\n<img decoding=\"async\" alt=\"P1193879-Enhanced-NR\"\n   src=\"https:\/\/www.tisnoresort.hr\/wp-content\/uploads\/2024\/07\/P1193879-Enhanced-NR-768x512.jpg\"\n    data-image=\"https:\/\/www.tisnoresort.hr\/wp-content\/uploads\/2024\/07\/P1193879-Enhanced-NR-1024x683.jpg\"\n    data-title=\"P1193879-Enhanced-NR\">\n\n<img decoding=\"async\" alt=\"P1193880-Enhanced-NR\"\n   src=\"https:\/\/www.tisnoresort.hr\/wp-content\/uploads\/2024\/07\/P1193880-Enhanced-NR-768x512.jpg\"\n    data-image=\"https:\/\/www.tisnoresort.hr\/wp-content\/uploads\/2024\/07\/P1193880-Enhanced-NR-1024x683.jpg\"\n    data-title=\"P1193880-Enhanced-NR\">\n\n<img decoding=\"async\" alt=\"P1193881-Enhanced-NR\"\n   src=\"https:\/\/www.tisnoresort.hr\/wp-content\/uploads\/2024\/07\/P1193881-Enhanced-NR-768x512.jpg\"\n    data-image=\"https:\/\/www.tisnoresort.hr\/wp-content\/uploads\/2024\/07\/P1193881-Enhanced-NR-1024x683.jpg\"\n    data-title=\"P1193881-Enhanced-NR\">\n\n<img decoding=\"async\" alt=\"P1193882-Enhanced-NR\"\n   src=\"https:\/\/www.tisnoresort.hr\/wp-content\/uploads\/2024\/07\/P1193882-Enhanced-NR-768x512.jpg\"\n    data-image=\"https:\/\/www.tisnoresort.hr\/wp-content\/uploads\/2024\/07\/P1193882-Enhanced-NR-1024x683.jpg\"\n    data-title=\"P1193882-Enhanced-NR\">\n\n<img decoding=\"async\" alt=\"P1193883-Enhanced-NR\"\n   src=\"https:\/\/www.tisnoresort.hr\/wp-content\/uploads\/2024\/07\/P1193883-Enhanced-NR-768x512.jpg\"\n    data-image=\"https:\/\/www.tisnoresort.hr\/wp-content\/uploads\/2024\/07\/P1193883-Enhanced-NR-1024x683.jpg\"\n    data-title=\"P1193883-Enhanced-NR\">\n\n<img decoding=\"async\" alt=\"P1193886-Enhanced-NR\"\n   src=\"https:\/\/www.tisnoresort.hr\/wp-content\/uploads\/2024\/07\/P1193886-Enhanced-NR-768x512.jpg\"\n    data-image=\"https:\/\/www.tisnoresort.hr\/wp-content\/uploads\/2024\/07\/P1193886-Enhanced-NR-1024x683.jpg\"\n    data-title=\"P1193886-Enhanced-NR\">\n\n<img decoding=\"async\" alt=\"P1193887-Enhanced-NR\"\n   src=\"https:\/\/www.tisnoresort.hr\/wp-content\/uploads\/2024\/07\/P1193887-Enhanced-NR-768x512.jpg\"\n    data-image=\"https:\/\/www.tisnoresort.hr\/wp-content\/uploads\/2024\/07\/P1193887-Enhanced-NR-1024x683.jpg\"\n    data-title=\"P1193887-Enhanced-NR\">\n\n<img decoding=\"async\" alt=\"P1193889-Enhanced-NR\"\n   src=\"https:\/\/www.tisnoresort.hr\/wp-content\/uploads\/2024\/07\/P1193889-Enhanced-NR-768x512.jpg\"\n    data-image=\"https:\/\/www.tisnoresort.hr\/wp-content\/uploads\/2024\/07\/P1193889-Enhanced-NR-1024x683.jpg\"\n    data-title=\"P1193889-Enhanced-NR\">\n\n<img decoding=\"async\" alt=\"P1193892-Enhanced-NR\"\n   src=\"https:\/\/www.tisnoresort.hr\/wp-content\/uploads\/2024\/07\/P1193892-Enhanced-NR-768x512.jpg\"\n    data-image=\"https:\/\/www.tisnoresort.hr\/wp-content\/uploads\/2024\/07\/P1193892-Enhanced-NR-1024x683.jpg\"\n    data-title=\"P1193892-Enhanced-NR\">\n\n<img decoding=\"async\" alt=\"P1193893-Enhanced-NR\"\n   src=\"https:\/\/www.tisnoresort.hr\/wp-content\/uploads\/2024\/07\/P1193893-Enhanced-NR-768x512.jpg\"\n    data-image=\"https:\/\/www.tisnoresort.hr\/wp-content\/uploads\/2024\/07\/P1193893-Enhanced-NR-1024x683.jpg\"\n    data-title=\"P1193893-Enhanced-NR\">\n\n<img decoding=\"async\" alt=\"P1193898-Enhanced-NR\"\n   src=\"https:\/\/www.tisnoresort.hr\/wp-content\/uploads\/2024\/07\/P1193898-Enhanced-NR-768x512.jpg\"\n    data-image=\"https:\/\/www.tisnoresort.hr\/wp-content\/uploads\/2024\/07\/P1193898-Enhanced-NR-1024x683.jpg\"\n    data-title=\"P1193898-Enhanced-NR\">\n\n<img decoding=\"async\" alt=\"P1193900-Enhanced-NR\"\n   src=\"https:\/\/www.tisnoresort.hr\/wp-content\/uploads\/2024\/07\/P1193900-Enhanced-NR-768x512.jpg\"\n    data-image=\"https:\/\/www.tisnoresort.hr\/wp-content\/uploads\/2024\/07\/P1193900-Enhanced-NR-1024x683.jpg\"\n    data-title=\"P1193900-Enhanced-NR\">\n\n<img decoding=\"async\" alt=\"P1193901-Enhanced-NR\"\n   src=\"https:\/\/www.tisnoresort.hr\/wp-content\/uploads\/2024\/07\/P1193901-Enhanced-NR-768x512.jpg\"\n    data-image=\"https:\/\/www.tisnoresort.hr\/wp-content\/uploads\/2024\/07\/P1193901-Enhanced-NR-1024x683.jpg\"\n    data-title=\"P1193901-Enhanced-NR\">\n\n<img decoding=\"async\" alt=\"P1193902-Enhanced-NR\"\n   src=\"https:\/\/www.tisnoresort.hr\/wp-content\/uploads\/2024\/07\/P1193902-Enhanced-NR-768x512.jpg\"\n    data-image=\"https:\/\/www.tisnoresort.hr\/wp-content\/uploads\/2024\/07\/P1193902-Enhanced-NR-1024x683.jpg\"\n    data-title=\"P1193902-Enhanced-NR\">\n\n<img decoding=\"async\" alt=\"P1193903-Enhanced-NR\"\n   src=\"https:\/\/www.tisnoresort.hr\/wp-content\/uploads\/2024\/07\/P1193903-Enhanced-NR-768x512.jpg\"\n    data-image=\"https:\/\/www.tisnoresort.hr\/wp-content\/uploads\/2024\/07\/P1193903-Enhanced-NR-1024x682.jpg\"\n    data-title=\"P1193903-Enhanced-NR\">\n\n<img decoding=\"async\" alt=\"P1193904-Enhanced-NR\"\n   src=\"https:\/\/www.tisnoresort.hr\/wp-content\/uploads\/2024\/07\/P1193904-Enhanced-NR-768x512.jpg\"\n    data-image=\"https:\/\/www.tisnoresort.hr\/wp-content\/uploads\/2024\/07\/P1193904-Enhanced-NR-1024x683.jpg\"\n    data-title=\"P1193904-Enhanced-NR\">\n\n<img decoding=\"async\" alt=\"P1193905-Enhanced-NR\"\n   src=\"https:\/\/www.tisnoresort.hr\/wp-content\/uploads\/2024\/07\/P1193905-Enhanced-NR-768x512.jpg\"\n    data-image=\"https:\/\/www.tisnoresort.hr\/wp-content\/uploads\/2024\/07\/P1193905-Enhanced-NR-1024x683.jpg\"\n    data-title=\"P1193905-Enhanced-NR\">\n\n<img decoding=\"async\" alt=\"P1193909-Enhanced-NR-HDR\"\n   src=\"https:\/\/www.tisnoresort.hr\/wp-content\/uploads\/2024\/07\/P1193909-Enhanced-NR-HDR-768x512.jpg\"\n    data-image=\"https:\/\/www.tisnoresort.hr\/wp-content\/uploads\/2024\/07\/P1193909-Enhanced-NR-HDR-1024x683.jpg\"\n    data-title=\"P1193909-Enhanced-NR-HDR\">\n\n<img decoding=\"async\" alt=\"P1193910-Enhanced-NR-HDR\"\n   src=\"https:\/\/www.tisnoresort.hr\/wp-content\/uploads\/2024\/07\/P1193910-Enhanced-NR-HDR-768x512.jpg\"\n    data-image=\"https:\/\/www.tisnoresort.hr\/wp-content\/uploads\/2024\/07\/P1193910-Enhanced-NR-HDR-1024x683.jpg\"\n    data-title=\"P1193910-Enhanced-NR-HDR\">\n\n<img decoding=\"async\" alt=\"P1193912-Enhanced-NR-HDR\"\n   src=\"https:\/\/www.tisnoresort.hr\/wp-content\/uploads\/2024\/07\/P1193912-Enhanced-NR-HDR-768x512.jpg\"\n    data-image=\"https:\/\/www.tisnoresort.hr\/wp-content\/uploads\/2024\/07\/P1193912-Enhanced-NR-HDR-1024x683.jpg\"\n    data-title=\"P1193912-Enhanced-NR-HDR\">\n\n<img decoding=\"async\" alt=\"P1193921-Enhanced-NR\"\n   src=\"https:\/\/www.tisnoresort.hr\/wp-content\/uploads\/2024\/07\/P1193921-Enhanced-NR-768x512.jpg\"\n    data-image=\"https:\/\/www.tisnoresort.hr\/wp-content\/uploads\/2024\/07\/P1193921-Enhanced-NR-1024x683.jpg\"\n    data-title=\"P1193921-Enhanced-NR\">\n\n<img decoding=\"async\" alt=\"P1193923-Enhanced-NR-HDR\"\n   src=\"https:\/\/www.tisnoresort.hr\/wp-content\/uploads\/2024\/07\/P1193923-Enhanced-NR-HDR-768x512.jpg\"\n    data-image=\"https:\/\/www.tisnoresort.hr\/wp-content\/uploads\/2024\/07\/P1193923-Enhanced-NR-HDR-1024x683.jpg\"\n    data-title=\"P1193923-Enhanced-NR-HDR\">\n\n<img decoding=\"async\" alt=\"P1193930-Enhanced-NR-HDR\"\n   src=\"https:\/\/www.tisnoresort.hr\/wp-content\/uploads\/2024\/07\/P1193930-Enhanced-NR-HDR-768x512.jpg\"\n    data-image=\"https:\/\/www.tisnoresort.hr\/wp-content\/uploads\/2024\/07\/P1193930-Enhanced-NR-HDR-1024x683.jpg\"\n    data-title=\"P1193930-Enhanced-NR-HDR\">\n\n<img decoding=\"async\" alt=\"P1193933-Enhanced-NR-HDR\"\n   src=\"https:\/\/www.tisnoresort.hr\/wp-content\/uploads\/2024\/07\/P1193933-Enhanced-NR-HDR-768x512.jpg\"\n    data-image=\"https:\/\/www.tisnoresort.hr\/wp-content\/uploads\/2024\/07\/P1193933-Enhanced-NR-HDR-1024x683.jpg\"\n    data-title=\"P1193933-Enhanced-NR-HDR\">\n\n<img decoding=\"async\" alt=\"P1193962\"\n   src=\"https:\/\/www.tisnoresort.hr\/wp-content\/uploads\/2024\/07\/P1193962-768x512.jpg\"\n    data-image=\"https:\/\/www.tisnoresort.hr\/wp-content\/uploads\/2024\/07\/P1193962.jpg\"\n    data-title=\"P1193962\">\n\n<img decoding=\"async\" alt=\"P1193963\"\n   src=\"https:\/\/www.tisnoresort.hr\/wp-content\/uploads\/2024\/07\/P1193963-768x512.jpg\"\n    data-image=\"https:\/\/www.tisnoresort.hr\/wp-content\/uploads\/2024\/07\/P1193963.jpg\"\n    data-title=\"P1193963\">\n\n<img decoding=\"async\" alt=\"P1193977\"\n   src=\"https:\/\/www.tisnoresort.hr\/wp-content\/uploads\/2024\/07\/P1193977-768x512.jpg\"\n    data-image=\"https:\/\/www.tisnoresort.hr\/wp-content\/uploads\/2024\/07\/P1193977.jpg\"\n    data-title=\"P1193977\">\n\n<img decoding=\"async\" alt=\"P1193981\"\n   src=\"https:\/\/www.tisnoresort.hr\/wp-content\/uploads\/2024\/07\/P1193981.jpg\"\n    data-image=\"https:\/\/www.tisnoresort.hr\/wp-content\/uploads\/2024\/07\/P1193981.jpg\"\n    data-title=\"P1193981\">\n\n<img decoding=\"async\" alt=\"P1193985\"\n   src=\"https:\/\/www.tisnoresort.hr\/wp-content\/uploads\/2024\/07\/P1193985.jpg\"\n    data-image=\"https:\/\/www.tisnoresort.hr\/wp-content\/uploads\/2024\/07\/P1193985.jpg\"\n    data-title=\"P1193985\">\n\n  \n<\/div>\n<!-- end Compact Gallery -->\t\t<\/div>\n\t\t\t\t<\/div>\n\t\t\t\t\t<\/div>\n\t\t<\/div>\n\t\t\t\t\t<\/div>\n\t\t<\/section>\n\t\t\t\t<\/div>","protected":false},"excerpt":{"rendered":"<p>GALLERY Explore the captivating beauty of our resort and the charming town of Tisno through our photo gallery.<\/p>","protected":false},"author":1,"featured_media":0,"parent":0,"menu_order":0,"comment_status":"closed","ping_status":"closed","template":"","meta":{"footnotes":""},"_links":{"self":[{"href":"https:\/\/www.tisnoresort.hr\/hr\/wp-json\/wp\/v2\/pages\/18"}],"collection":[{"href":"https:\/\/www.tisnoresort.hr\/hr\/wp-json\/wp\/v2\/pages"}],"about":[{"href":"https:\/\/www.tisnoresort.hr\/hr\/wp-json\/wp\/v2\/types\/page"}],"author":[{"embeddable":true,"href":"https:\/\/www.tisnoresort.hr\/hr\/wp-json\/wp\/v2\/users\/1"}],"replies":[{"embeddable":true,"href":"https:\/\/www.tisnoresort.hr\/hr\/wp-json\/wp\/v2\/comments?post=18"}],"version-history":[{"count":0,"href":"https:\/\/www.tisnoresort.hr\/hr\/wp-json\/wp\/v2\/pages\/18\/revisions"}],"wp:attachment":[{"href":"https:\/\/www.tisnoresort.hr\/hr\/wp-json\/wp\/v2\/media?parent=18"}],"curies":[{"name":"wp","href":"https:\/\/api.w.org\/{rel}","templated":true}]}}